{"id":2219,"date":"2023-11-10T13:08:47","date_gmt":"2023-11-10T12:08:47","guid":{"rendered":"https:\/\/www.safeorfake.eu\/?page_id=2219"},"modified":"2023-11-10T13:08:47","modified_gmt":"2023-11-10T12:08:47","slug":"politica-de-cookies","status":"publish","type":"page","link":"https:\/\/www.safeorfake.eu\/pt-pt\/politica-de-cookies\/","title":{"rendered":"Pol\u00edtica de cookies"},"content":{"rendered":"<h2>POL\u00cdTICA DE COOKIES \u00a0WWW.SAFEORFAKE.EU<\/h2>\n<p>Fecha de \u00faltima actualizaci\u00f3n: 1\/10\/21<\/p>\n<h3>O QUE S\u00c3O COOKIES?<\/h3>\n<p>Cookies s\u00e3o pequenos ficheiros que s\u00e3o instalados no disco r\u00edgido ou no navegador do computador, tablet, smartphone ou dispositivo equivalente com fun\u00e7\u00f5es de navega\u00e7\u00e3o na Internet e que ajudam, entre outras coisas, a: personalizar os servi\u00e7os do propriet\u00e1rio do s\u00edtio web, facilitar a sua navega\u00e7\u00e3o e usabilidade, obter informa\u00e7\u00f5es agregadas sobre os visitantes, permitir a reprodu\u00e7\u00e3o e visualiza\u00e7\u00e3o de conte\u00fados multim\u00e9dia, permitir elementos de intera\u00e7\u00e3o entre o utilizador e a pr\u00f3pria web, permitir ferramentas de seguran\u00e7a, etc.<\/p>\n<h3>DEFINI\u00c7\u00d5ES UTILIZADAS NESTA POLITICA DE COOKIES<\/h3>\n<ul>\n<li>Usabilidade da Web: pode ser definida como a experi\u00eancia que um ustilizador tem ao navegar, utilizar e interagir com uma p\u00e1gina web<\/li>\n<li>Informa\u00e7\u00e3o agregada: informa\u00e7\u00e3o n\u00e3o nominal, tipicamente num\u00e9rica e com o prop\u00f3sito de fornecer informa\u00e7\u00e3o estat\u00edstica<\/li>\n<li>Equipamento terminal: equipamento (computador, smartphone, tablet, etc.) do utilizador que navega na internet<\/li>\n<li>Editor: respons\u00e1vel ou propriet\u00e1rio pelo s\u00edtio web<\/li>\n<li>Terceiros: entidade externa, colaboradora, prestadora de servi\u00e7os ou relacionada com o editor, envolvida na gest\u00e3o de determinados cookies<\/li>\n<li>Respons\u00e1vel pelo cookie: o editor,o controlador, o propriet\u00e1rio do s\u00edtio web ou, em alguns casos, terceiros<\/li>\n<li>H\u00e1bitos de navega\u00e7\u00e3o: tend\u00eancias apresentadas pelo utilizador ao navegar numa p\u00e1gina web, como, por exemplo, o tempo passado na p\u00e1gina, partes visitadas, sec\u00e7\u00f5es mais frequentes, origem da visita, destino da visita, entre outros<\/li>\n<\/ul>\n<h3>QUE TIPO DE COOKIES EXISTEM?<\/h3>\n<p><strong>De acordo com a entidade que o gere:<\/strong><\/p>\n<ul>\n<li><u>Cookies pr\u00f3prios<\/u>: s\u00e3o aqueles que s\u00e3o enviados para o equipamento terminal do utilizador a partir de um computador ou dom\u00ednio gerido pelo pr\u00f3prio editor e a partir do qual \u00e9 prestado o servi\u00e7o solicitado pelo utilizador.<\/li>\n<li><u>Cookies de terceiros<\/u>: s\u00e3o aqueles que s\u00e3o enviados para o equipamento terminal do utilizador a partir de um computador ou dom\u00ednio que n\u00e3o \u00e9 gerido pelo editor, mas por outra entidade que processa os dados obtidos atrav\u00e9s de cookies.<\/li>\n<\/ul>\n<p><strong>Dependendo do tempo que permanecem ativados no equipamento terminal:<\/strong><\/p>\n<ul>\n<li><u>Cookies de sess\u00e3o<\/u>: s\u00e3o um tipo de cookie concebido para recolher e armazenar dados enquanto o utilizador acede a uma p\u00e1gina web.<\/li>\n<li><u>Cookies persistentes<\/u>: s\u00e3o um tipo de cookie em que os dados permanecem armazenados no terminal e podem ser acedidos e tratados durante um per\u00edodo definido pelo respons\u00e1vel pelo cookie, que pode ir de alguns minutos a v\u00e1rios anos.<\/li>\n<\/ul>\n<p><strong>Dependendo da finalidade<\/strong> para a qual os dados obtidos atrav\u00e9s de cookies s\u00e3o tratados:<\/p>\n<ul>\n<li><u>Cookies t\u00e9cnicos<\/u>: s\u00e3o aqueles que permitem ao utilizador navegar atrav\u00e9s de um site, plataforma ou aplica\u00e7\u00e3o e utilizar as diferentes op\u00e7\u00f5es ou servi\u00e7os existentes no mesmo, como, por exemplo, controlar o tr\u00e1fego e a comunica\u00e7\u00e3o de dados, identificar a sess\u00e3o, aceder a \u00e1reas de acesso restrito, recordar os elementos que comp\u00f5em uma encomenda, realizar o processo de compra de uma encomenda, realizar um pedido de inscri\u00e7\u00e3o ou participa\u00e7\u00e3o num evento, utilizar elementos de seguran\u00e7a durante a navega\u00e7\u00e3o, armazenar conte\u00fados para a difus\u00e3o de v\u00eddeos ou som ou partilhar conte\u00fados atrav\u00e9s das redes sociais.<\/li>\n<li><u>Cookies de personaliza\u00e7\u00e3o<\/u>: s\u00e3o aqueles que permitem ao utilizador aceder ao servi\u00e7o com algumas caracter\u00edsticas gerais predefinidas em fun\u00e7\u00e3o de uma s\u00e9rie de crit\u00e9rios no terminal do utilizador, como por exemplo, a l\u00edngua, o tipo de navegador utilizado para aceder ao servi\u00e7o, a configura\u00e7\u00e3o regional a partir da qual se acede ao servi\u00e7o, etc.<\/li>\n<li><u>Cookies de an\u00e1lise<\/u>: s\u00e3o aqueles que permitem ao respons\u00e1vel por eles monitorizar e analisar o comportamento dos utilizadores dos s\u00edtios web a que est\u00e3o ligados. As informa\u00e7\u00f5es recolhidas atrav\u00e9s deste tipo de cookies s\u00e3o utilizadas para medir a atividade dos s\u00edtios web, aplica\u00e7\u00e3o ou plataforma e para a elabora\u00e7\u00e3o de perfis de navega\u00e7\u00e3o dos utilizadores desses s\u00edtios, aplica\u00e7\u00f5es e plataformas, a fim de introduzir melhorias com base na an\u00e1lise dos dados sobre a utiliza\u00e7\u00e3o feita pelos utilizadores do servi\u00e7o.<\/li>\n<li><u>Cookies publicit\u00e1rios<\/u>: s\u00e3o aqueles que permitem gerir, da forma mais eficaz poss\u00edvel, os espa\u00e7os publicit\u00e1rios que, se for caso disso, o editor tenha inclu\u00eddo num s\u00edtio web, aplica\u00e7\u00e3o ou plataforma a partir da qual presta o servi\u00e7o solicitado, com base em crit\u00e9rios como o conte\u00fado editado ou a frequ\u00eancia com que o an\u00fancio \u00e9 exibido.<\/li>\n<li><u>Cookies de publicidade comportamental<\/u>: s\u00e3o aqueles que permitem a gest\u00e3o, da forma mais eficaz poss\u00edvel, dos espa\u00e7os publicit\u00e1rios que, se for caso disso, o editor tenha inclu\u00eddo num s\u00edtio web, aplica\u00e7\u00e3o ou plataforma a partir da qual se presta o servi\u00e7o solicitado. Estes cookies armazenam informa\u00e7\u00f5es sobre o comportamento dos utilizadores obtidas atrav\u00e9s da observa\u00e7\u00e3o cont\u00ednua dos seus h\u00e1bitos de navega\u00e7\u00e3o, o que permite desenvolver um perfil espec\u00edfico para apresentar publicidade com base no mesmo.<\/li>\n<\/ul>\n<h3>QUE COOKIES UTILIZAMOS?<\/h3>\n<p>Este s\u00edtio web utiliza os seguintes <strong>cookies pr\u00f3prios<\/strong>:<\/p>\n<ul>\n<li>Cookies de sess\u00e3o, para garantir que os utilizadores que escrevem coment\u00e1rios no blogue s\u00e3o humanos e n\u00e3o aplica\u00e7\u00f5es automatizadas. Esta medida destina-se a combater o spam.<\/li>\n<\/ul>\n<p>Este s\u00edtio web utiliza os seguintes <strong>cookies de terceiros:<\/strong><\/p>\n<ul>\n<li>Google Analytics: Armazena cookies para compilar estat\u00edsticas sobre o tr\u00e1fego e o volume de visitas a este s\u00edtio web. Ao utilizar este s\u00edtio web, o utilizador est\u00e1 a consentir que a Google processe as informa\u00e7\u00f5es que lhe dizem respeito. Por conseguinte, o exerc\u00edcio de quaisquer direitos a este respeito deve ser feito atrav\u00e9s de comunica\u00e7\u00e3o direta com a Google.<\/li>\n<li>Redes sociais: Cada rede social utiliza os seus pr\u00f3prios cookies para permitir ao utilizador clicar nos bot\u00f5es &#8220;<em>Gosto<\/em>&#8221; ou &#8220;<em>Partilhar<\/em>&#8220;.<\/li>\n<\/ul>\n<h3>COMO DESATIVAR OS COOKIES?<\/h3>\n<p>Bloquear ou desativar todos os cookies ajuda a proteger a privacidade, mas tamb\u00e9m pode limitar a experi\u00eancia em alguns s\u00edtios web, bem como limitar funcionalidades ou mesmo n\u00e3o permitir a navega\u00e7\u00e3o correta ou a utiliza\u00e7\u00e3o de alguns dos seus servi\u00e7os. Se quiser saber como desativar os cookies nos navegadores web mais populares, aceda aos seguintes tutoriais:<\/p>\n<ul>\n<li><a href=\"http:\/\/support.google.com\/chrome\/answer\/95647?hl=es\">Google Chrome<\/a><\/li>\n<li><a href=\"http:\/\/support.mozilla.org\/es\/kb\/habilitar-y-deshabilitar-cookies-que-los-sitios-we\">Mozilla Firefox<\/a><\/li>\n<li><a href=\"http:\/\/windows.microsoft.com\/es-es\/windows-vista\/block-or-allow-cookies\">Internet Explorer<\/a><\/li>\n<li><a href=\"http:\/\/support.apple.com\/es-es\/HT1677\">Safari<\/a><\/li>\n<li><a href=\"http:\/\/support.google.com\/chrome\/answer\/2392971?hl=es\">Chrome para Android<\/a><\/li>\n<li><a href=\"http:\/\/help.opera.com\/Windows\/11.50\/es-ES\/cookies.html\">Opera<\/a><\/li>\n<\/ul>\n<p>Se tiver alguma quest\u00e3o ou d\u00favida sobre esta Pol\u00edtica de Cookies, pode contactar o AIJU atrav\u00e9s de <a href=\"mailto:proyectosseguridad@aiju.es\">EMAIL<\/a><\/p>\n","protected":false},"excerpt":{"rendered":"<p>POL\u00cdTICA DE COOKIES \u00a0WWW.SAFEORFAKE.EU Fecha de \u00faltima actualizaci\u00f3n: 1\/10\/21 O QUE S\u00c3O COOKIES? Cookies s\u00e3o pequenos ficheiros que s\u00e3o instalados no disco r\u00edgido ou no navegador do computador, tablet, smartphone ou dispositivo equivalente com fun\u00e7\u00f5es de navega\u00e7\u00e3o na Internet e que ajudam, entre outras coisas, a: personalizar os servi\u00e7os do propriet\u00e1rio do s\u00edtio web, facilitar a sua navega\u00e7\u00e3o e usabilidade, obter informa\u00e7\u00f5es agregadas sobre os visitantes, permitir a reprodu\u00e7\u00e3o e visualiza\u00e7\u00e3o de conte\u00fados multim\u00e9dia, permitir elementos de intera\u00e7\u00e3o entre o utilizador e a pr\u00f3pria web, permitir ferramentas de seguran\u00e7a, etc. DEFINI\u00c7\u00d5ES UTILIZADAS NESTA POLITICA DE COOKIES Usabilidade da Web: pode ser definida como a experi\u00eancia que um ustilizador tem ao navegar, utilizar e interagir com uma p\u00e1gina web Informa\u00e7\u00e3o agregada: informa\u00e7\u00e3o n\u00e3o nominal, tipicamente num\u00e9rica e com o prop\u00f3sito de fornecer informa\u00e7\u00e3o estat\u00edstica Equipamento terminal: equipamento (computador, smartphone, tablet, etc.) do utilizador que navega na internet Editor: respons\u00e1vel ou propriet\u00e1rio pelo s\u00edtio web Terceiros: entidade externa, colaboradora, prestadora de servi\u00e7os ou relacionada com o editor, envolvida na gest\u00e3o de determinados cookies Respons\u00e1vel pelo cookie: o editor,o controlador, o propriet\u00e1rio do s\u00edtio web ou, em alguns casos, terceiros H\u00e1bitos de navega\u00e7\u00e3o: tend\u00eancias apresentadas pelo utilizador ao navegar numa p\u00e1gina web, como, [&hellip;]<\/p>\n","protected":false},"author":1,"featured_media":0,"parent":0,"menu_order":0,"comment_status":"closed","ping_status":"closed","template":"","meta":{"footnotes":""},"class_list":["post-2219","page","type-page","status-publish","hentry"],"_links":{"self":[{"href":"https:\/\/www.safeorfake.eu\/pt-pt\/wp-json\/wp\/v2\/pages\/2219","targetHints":{"allow":["GET"]}}],"collection":[{"href":"https:\/\/www.safeorfake.eu\/pt-pt\/wp-json\/wp\/v2\/pages"}],"about":[{"href":"https:\/\/www.safeorfake.eu\/pt-pt\/wp-json\/wp\/v2\/types\/page"}],"author":[{"embeddable":true,"href":"https:\/\/www.safeorfake.eu\/pt-pt\/wp-json\/wp\/v2\/users\/1"}],"replies":[{"embeddable":true,"href":"https:\/\/www.safeorfake.eu\/pt-pt\/wp-json\/wp\/v2\/comments?post=2219"}],"version-history":[{"count":2,"href":"https:\/\/www.safeorfake.eu\/pt-pt\/wp-json\/wp\/v2\/pages\/2219\/revisions"}],"predecessor-version":[{"id":2221,"href":"https:\/\/www.safeorfake.eu\/pt-pt\/wp-json\/wp\/v2\/pages\/2219\/revisions\/2221"}],"wp:attachment":[{"href":"https:\/\/www.safeorfake.eu\/pt-pt\/wp-json\/wp\/v2\/media?parent=2219"}],"curies":[{"name":"wp","href":"https:\/\/api.w.org\/{rel}","templated":true}]}}