{"id":2216,"date":"2023-11-10T12:58:28","date_gmt":"2023-11-10T11:58:28","guid":{"rendered":"https:\/\/www.safeorfake.eu\/?page_id=2216"},"modified":"2023-11-10T12:58:28","modified_gmt":"2023-11-10T11:58:28","slug":"politica-de-privacidade","status":"publish","type":"page","link":"https:\/\/www.safeorfake.eu\/pt-pt\/politica-de-privacidade\/","title":{"rendered":"Pol\u00edtica de privacidade"},"content":{"rendered":"<h3>QUEM \u00c9 RESPONSAVEL PELO TRATAMENTO?<\/h3>\n<ul>\n<li><strong>Identidade do respons\u00e1vel<\/strong>. AIJU-ASOCIACI\u00d3N DE INVESTIGACI\u00d3N DE LA INDUSTRIA DEL JUGUETE, CONEXAS Y AFINES , CIF: G03182862<\/li>\n<li><strong>Morada<\/strong>. AV. DE LA INDUSTRIA, 23. 03440, IBI (ALICANTE)<\/li>\n<li><strong>Email<\/strong>. <a href=\"mailto:proyectosseguridad@aiju.es\">proyectosseguridad@aiju.es<\/a><\/li>\n<li><strong>Telefone<\/strong>. 96 555 44 75<\/li>\n<\/ul>\n<h3>PARA QUE FINS TRATAMOS OS DADOS PESSOAIS?<\/h3>\n<p>Em WWW.SAFEORFAKE.EU os dados pessoais s\u00e3o tratados para as seguintes finalidades:<\/p>\n<ul>\n<li>Contacto: para responder aos pedidos de informa\u00e7\u00e3o recebidos sobre os produtos e servi\u00e7os oferecidos, bem como para responder a qualquer outro tipo de pergunta enviada pelos utilizadores.<\/li>\n<li>Pr\u00e9-inscri\u00e7\u00e3o em cursos: A finalidade do tratamento de dados baseia-se na gest\u00e3o da pr\u00e9-inscri\u00e7\u00e3o, participa\u00e7\u00e3o, entrega e subsequente monitoriza\u00e7\u00e3o dos participantes no projeto SAFEorFAKE.<\/li>\n<li>Newsletter: Enviar por email para o endere\u00e7o de email fornecido pelo utilizador a newsletter do SAFEorFAKE e informa\u00e7\u00f5es relacionadas com as atividades do projeto.<\/li>\n<li>Informa\u00e7\u00f5es sobre eventos: Enviar por correio eletr\u00f3nico para o endere\u00e7o de email fornecido pelo utilizador informa\u00e7\u00f5es sobre eventos sobre os seguintes temas: apresenta\u00e7\u00e3o de resultados, seguran\u00e7a dos produtos, obriga\u00e7\u00f5es dos produtores e direitos dos consumidores na perspetiva do com\u00e9rcio online.<\/li>\n<\/ul>\n<h3>DURANTE QUANTO TEMPO TRATAMOS OS DADOS PESSOAIS?<\/h3>\n<p>Em WWW.SAFEORFAKE.EU os dados pessoais s\u00e3o tratados durante os seguintes per\u00edodos:<\/p>\n<ul>\n<li>Contacto: os dados ser\u00e3o conservados enquanto o utilizador n\u00e3o manifestar o seu direito de elimina\u00e7\u00e3o.<\/li>\n<li>Pr\u00e9-inscri\u00e7\u00f5es em cursos: Os dados ser\u00e3o conservados durante o per\u00edodo de prescri\u00e7\u00e3o de eventuais a\u00e7\u00f5es judiciais que possam surgir.<\/li>\n<li>Newsletter: oos dados ser\u00e3o conservados enquanto o utilizador n\u00e3o manifestar o seu direito de elimina\u00e7\u00e3o.<\/li>\n<li>Informa\u00e7\u00e3o de eventos: os dados ser\u00e3o conservados enquanto o utilizador n\u00e3o manifestar o seu direito de elimina\u00e7\u00e3o.<\/li>\n<\/ul>\n<h3>QUAL \u00c9 A LEGITIMIDADE PARA O TRATAMENTO DE DADOS?<\/h3>\n<p>Ao aceder ao nosso s\u00edtio web e ao preencher os formul\u00e1rios ou ao enviar-nos dados atrav\u00e9s dos meios eletr\u00f3nicos de contacto indicados, o utilizador aceita a presente Pol\u00edtica de Privacidade. \u00c9 por isso que contamos com o consentimento do utilizador para o seguinte tratamento dos seus dados:<\/p>\n<ul>\n<li>Formul\u00e1rio de contacto<\/li>\n<li>Formul\u00e1rio para pr\u00e9 &#8211; inscri\u00e7\u00e3o dos cursos<\/li>\n<li>Newsletter<\/li>\n<li>Informa\u00e7\u00e3o de eventos<\/li>\n<\/ul>\n<p>Adicionalmente, informamos que apenas utilizaremos as informa\u00e7\u00f5es pessoais de acordo com a presente Pol\u00edtica de Privacidade e, em geral, solicitaremos o seu consentimento para utiliza\u00e7\u00f5es para fins diferentes daqueles para os quais o concedeu inicialmente. Por \u00faltimo, informamos que pode retirar o seu consentimento a qualquer momento, contactando-nos atrav\u00e9s dos meios indicados na presente pol\u00edtica de privacidade.<\/p>\n<h3>COM QUEM PARTILHAMOS OS DADOS PESSOAIS?<\/h3>\n<p>Os dados pessoais recolhidos n\u00e3o ser\u00e3o, em caso algum, transmitidos a terceiros ou tornados p\u00fablicos, exceto nos casos em que o utilizador d\u00ea o seu consentimento, participe voluntariamente ou devido a obriga\u00e7\u00f5es legais expressas. Isto aplica-se ao seguinte tratamento:<\/p>\n<ul>\n<li>Formul\u00e1rio de contacto<\/li>\n<li>Newsletter<\/li>\n<li>Informa\u00e7\u00e3o sobre eventos<\/li>\n<\/ul>\n<p>N\u00e3o s\u00e3o efetuadas transfer\u00eancias internacionais para nenhum dos tratamentos.<\/p>\n<h3>QUE DIREITOS PODE EXERCER?<\/h3>\n<p>A prote\u00e7\u00e3o dos dados pessoais \u00e9 um direito fundamental. \u00c9 por isso que, de acordo com a legisla\u00e7\u00e3o europeia, os direitos que lhe assistem s\u00e3o os seguintes:<\/p>\n<ul>\n<li>Acesso, direito de saber se os seus dados pessoais est\u00e3o ou n\u00e3o a ser tratados.<\/li>\n<li>Retifica\u00e7\u00e3o, direito de obter a retifica\u00e7\u00e3o dos seus dados pessoais quando estes estejam inexatos ou desatualizados.<\/li>\n<li>Oposi\u00e7\u00e3o, direito de se opor, ao tratamento dos seus dados pessoais ou \u00e0 cessa\u00e7\u00e3o desse tratamento.<\/li>\n<li>Decis\u00f5es individuais automatizadas, o direito de n\u00e3o ser objeto de uma decis\u00e3o baseada exclusivamente no tratamento automatizado, incluindo a defini\u00e7\u00e3o de perfis, que produza efeitos na sua esfera jur\u00eddica ou que a afete significativamente de forma semelhante.<\/li>\n<li>Limita\u00e7\u00e3o, direito de obter a limita\u00e7\u00e3o do tratamento de dados em determinados casos.<\/li>\n<li>Elimina\u00e7\u00e3o ou Esquecimento, direito \u00e0 elimina\u00e7\u00e3o dos dados pessoais da pessoa em causa.<\/li>\n<li>Portabilidade, direito a receber de um respons\u00e1vel pelo tratamento os seus dados pessoais, num formato estruturado e claro a outro respons\u00e1vel.<\/li>\n<\/ul>\n<p>O prazo m\u00e1ximo para a resolu\u00e7\u00e3o do pedido \u00e9 de 30 dias a contar da sua rece\u00e7\u00e3o, podendo ser prorrogado por um per\u00edodo m\u00e1ximo de 2 meses, se necess\u00e1rio.<\/p>\n<h4>Pode exercer os seus direitos atrav\u00e9s dos seguintes meios:<\/h4>\n<ul>\n<li>Email a <a href=\"mailto:rgpd@aiju.info\">rgpd@aiju.info<\/a>, fornecendo documenta\u00e7\u00e3o que comprove a identidade do requerente (c\u00f3pia da do Cart\u00e3o de Cidad\u00e3o ou equivalente)<\/li>\n<li>Por correio para AV. DE LA INDUSTRIA, 23 03440, IBI (ALICANTE) fornecendo documenta\u00e7\u00e3o que comprove a identidade do requerente (c\u00f3pia do do Cart\u00e3o de Cidad\u00e3o ou equivalente)<\/li>\n<li>Em qualquer caso, pode solicitar a prote\u00e7\u00e3o da Ag\u00eancia Espanhola de Prote\u00e7\u00e3o de Dados atrav\u00e9s do seu s\u00edtio web (<a href=\"https:\/\/www.aepd.es\/\" target=\"_blank\" rel=\"noopener\">https:\/\/www.aepd.es\/<\/a>)<\/li>\n<\/ul>\n","protected":false},"excerpt":{"rendered":"<p>QUEM \u00c9 RESPONSAVEL PELO TRATAMENTO? Identidade do respons\u00e1vel. AIJU-ASOCIACI\u00d3N DE INVESTIGACI\u00d3N DE LA INDUSTRIA DEL JUGUETE, CONEXAS Y AFINES , CIF: G03182862 Morada. AV. DE LA INDUSTRIA, 23. 03440, IBI (ALICANTE) Email. proyectosseguridad@aiju.es Telefone. 96 555 44 75 PARA QUE FINS TRATAMOS OS DADOS PESSOAIS? Em WWW.SAFEORFAKE.EU os dados pessoais s\u00e3o tratados para as seguintes finalidades: Contacto: para responder aos pedidos de informa\u00e7\u00e3o recebidos sobre os produtos e servi\u00e7os oferecidos, bem como para responder a qualquer outro tipo de pergunta enviada pelos utilizadores. Pr\u00e9-inscri\u00e7\u00e3o em cursos: A finalidade do tratamento de dados baseia-se na gest\u00e3o da pr\u00e9-inscri\u00e7\u00e3o, participa\u00e7\u00e3o, entrega e subsequente monitoriza\u00e7\u00e3o dos participantes no projeto SAFEorFAKE. Newsletter: Enviar por email para o endere\u00e7o de email fornecido pelo utilizador a newsletter do SAFEorFAKE e informa\u00e7\u00f5es relacionadas com as atividades do projeto. Informa\u00e7\u00f5es sobre eventos: Enviar por correio eletr\u00f3nico para o endere\u00e7o de email fornecido pelo utilizador informa\u00e7\u00f5es sobre eventos sobre os seguintes temas: apresenta\u00e7\u00e3o de resultados, seguran\u00e7a dos produtos, obriga\u00e7\u00f5es dos produtores e direitos dos consumidores na perspetiva do com\u00e9rcio online. DURANTE QUANTO TEMPO TRATAMOS OS DADOS PESSOAIS? Em WWW.SAFEORFAKE.EU os dados pessoais s\u00e3o tratados durante os seguintes per\u00edodos: Contacto: os dados ser\u00e3o conservados enquanto o utilizador n\u00e3o manifestar o [&hellip;]<\/p>\n","protected":false},"author":1,"featured_media":0,"parent":0,"menu_order":0,"comment_status":"closed","ping_status":"closed","template":"","meta":{"footnotes":""},"class_list":["post-2216","page","type-page","status-publish","hentry"],"_links":{"self":[{"href":"https:\/\/www.safeorfake.eu\/pt-pt\/wp-json\/wp\/v2\/pages\/2216","targetHints":{"allow":["GET"]}}],"collection":[{"href":"https:\/\/www.safeorfake.eu\/pt-pt\/wp-json\/wp\/v2\/pages"}],"about":[{"href":"https:\/\/www.safeorfake.eu\/pt-pt\/wp-json\/wp\/v2\/types\/page"}],"author":[{"embeddable":true,"href":"https:\/\/www.safeorfake.eu\/pt-pt\/wp-json\/wp\/v2\/users\/1"}],"replies":[{"embeddable":true,"href":"https:\/\/www.safeorfake.eu\/pt-pt\/wp-json\/wp\/v2\/comments?post=2216"}],"version-history":[{"count":2,"href":"https:\/\/www.safeorfake.eu\/pt-pt\/wp-json\/wp\/v2\/pages\/2216\/revisions"}],"predecessor-version":[{"id":2218,"href":"https:\/\/www.safeorfake.eu\/pt-pt\/wp-json\/wp\/v2\/pages\/2216\/revisions\/2218"}],"wp:attachment":[{"href":"https:\/\/www.safeorfake.eu\/pt-pt\/wp-json\/wp\/v2\/media?parent=2216"}],"curies":[{"name":"wp","href":"https:\/\/api.w.org\/{rel}","templated":true}]}}