{"id":2200,"date":"2023-11-10T12:34:12","date_gmt":"2023-11-10T11:34:12","guid":{"rendered":"https:\/\/www.safeorfake.eu\/?page_id=2200"},"modified":"2024-01-11T17:18:06","modified_gmt":"2024-01-11T16:18:06","slug":"contacto","status":"publish","type":"page","link":"https:\/\/www.safeorfake.eu\/pt-pt\/contacto\/","title":{"rendered":"Contacto"},"content":{"rendered":"<div class=\"wpb-content-wrapper\"><p>[vc_row][vc_column width=&#8221;1\/6&#8243;][\/vc_column][vc_column bg_color=&#8221;#ffffff&#8221; column_padding=&#8221;padding-5&#8243; width=&#8221;2\/3&#8243;]<h1 class=\"headline font-inherit fontsize-xxxxl fontweight-inherit lh-inherit align-center transform-inherit \" style=\"margin: 0 0 50px 0; color: #5abcaa;\">Conctate-nos<\/h1>\n<div class=\"wpcf7 no-js\" id=\"wpcf7-f2199-o1\" lang=\"es-ES\" dir=\"ltr\" data-wpcf7-id=\"2199\">\n<div class=\"screen-reader-response\"><p role=\"status\" aria-live=\"polite\" aria-atomic=\"true\"><\/p> <ul><\/ul><\/div>\n<form action=\"\/pt-pt\/wp-json\/wp\/v2\/pages\/2200#wpcf7-f2199-o1\" method=\"post\" class=\"wpcf7-form init\" aria-label=\"Formulario de contacto\" novalidate=\"novalidate\" data-status=\"init\">\n<div style=\"display: none;\">\n<input type=\"hidden\" name=\"_wpcf7\" value=\"2199\" \/>\n<input type=\"hidden\" name=\"_wpcf7_version\" value=\"6.0.5\" \/>\n<input type=\"hidden\" name=\"_wpcf7_locale\" value=\"es_ES\" \/>\n<input type=\"hidden\" name=\"_wpcf7_unit_tag\" value=\"wpcf7-f2199-o1\" \/>\n<input type=\"hidden\" name=\"_wpcf7_container_post\" value=\"0\" \/>\n<input type=\"hidden\" name=\"_wpcf7_posted_data_hash\" value=\"\" \/>\n<input type=\"hidden\" name=\"_wpcf7cf_hidden_group_fields\" value=\"[]\" \/>\n<input type=\"hidden\" name=\"_wpcf7cf_hidden_groups\" value=\"[]\" \/>\n<input type=\"hidden\" name=\"_wpcf7cf_visible_groups\" value=\"[]\" \/>\n<input type=\"hidden\" name=\"_wpcf7cf_repeaters\" value=\"[]\" \/>\n<input type=\"hidden\" name=\"_wpcf7cf_steps\" value=\"{}\" \/>\n<input type=\"hidden\" name=\"_wpcf7cf_options\" value=\"{&quot;form_id&quot;:2199,&quot;conditions&quot;:[{&quot;then_field&quot;:&quot;group-portugal&quot;,&quot;and_rules&quot;:[{&quot;if_field&quot;:&quot;campanya&quot;,&quot;operator&quot;:&quot;equals&quot;,&quot;if_value&quot;:&quot;Portugal&quot;}]},{&quot;then_field&quot;:&quot;group-espanya&quot;,&quot;and_rules&quot;:[{&quot;if_field&quot;:&quot;campanya&quot;,&quot;operator&quot;:&quot;equals&quot;,&quot;if_value&quot;:&quot;Espa\\u00f1a&quot;}]}],&quot;settings&quot;:{&quot;animation&quot;:&quot;yes&quot;,&quot;animation_intime&quot;:200,&quot;animation_outtime&quot;:200,&quot;conditions_ui&quot;:&quot;normal&quot;,&quot;notice_dismissed&quot;:false,&quot;notice_dismissed_update-cf7-5.8.1&quot;:true}}\" \/>\n<input type=\"hidden\" name=\"_wpcf7_recaptcha_response\" value=\"\" \/>\n<\/div>\n<h3>1. Dados pessoais\n<\/h3>\n<p><label> Nome e apelido*<br \/>\n<span class=\"wpcf7-form-control-wrap\" data-name=\"nombre\"><input size=\"40\" maxlength=\"400\" class=\"wpcf7-form-control wpcf7-text wpcf7-validates-as-required\" aria-required=\"true\" aria-invalid=\"false\" value=\"\" type=\"text\" name=\"nombre\" \/><\/span> <\/label>\n<\/p>\n<p><label> Email*<br \/>\n<span class=\"wpcf7-form-control-wrap\" data-name=\"correo-e\"><input size=\"40\" maxlength=\"400\" class=\"wpcf7-form-control wpcf7-email wpcf7-validates-as-required wpcf7-text wpcf7-validates-as-email\" aria-required=\"true\" aria-invalid=\"false\" value=\"\" type=\"email\" name=\"correo-e\" \/><\/span> <\/label>\n<\/p>\n<p><label> Entidade<br \/>\n<span class=\"wpcf7-form-control-wrap\" data-name=\"entidad\"><input size=\"40\" maxlength=\"400\" class=\"wpcf7-form-control wpcf7-text\" aria-invalid=\"false\" value=\"\" type=\"text\" name=\"entidad\" \/><\/span> <\/label>\n<\/p>\n<p><label> Pa\u00eds*<br \/>\n<span class=\"wpcf7-form-control-wrap\" data-name=\"pais\"><input size=\"40\" maxlength=\"400\" class=\"wpcf7-form-control wpcf7-text wpcf7-validates-as-required\" aria-required=\"true\" aria-invalid=\"false\" value=\"\" type=\"text\" name=\"pais\" \/><\/span> <\/label>\n<\/p>\n<h3>2. Projeto*\n<\/h3>\n<p><span class=\"wpcf7-form-control-wrap\" data-name=\"campanya\"><span class=\"wpcf7-form-control wpcf7-checkbox wpcf7-validates-as-required wpcf7-exclusive-checkbox\"><span class=\"wpcf7-list-item first\"><label><input type=\"checkbox\" name=\"campanya\" value=\"Portugal\" \/><span class=\"wpcf7-list-item-label\">Portugal<\/span><\/label><\/span><span class=\"wpcf7-list-item last\"><label><input type=\"checkbox\" name=\"campanya\" value=\"Espanha\" \/><span class=\"wpcf7-list-item-label\">Espanha<\/span><\/label><\/span><\/span><\/span>\n<\/p>\n<div data-id=\"group-portugal\" data-orig_data_id=\"group-portugal\"  data-class=\"wpcf7cf_group\">\n\t<h4>Se\u00f1ala qu\u00e9 perfil es m\u00e1s parecido al tuyo:*\n\t<\/h4>\n\t<p><span class=\"wpcf7-form-control-wrap\" data-name=\"portugal\"><span class=\"wpcf7-form-control wpcf7-radio\"><span class=\"wpcf7-list-item first\"><label><input type=\"radio\" name=\"portugal\" value=\"Pai\/m\u00e3e de crian\u00e7as em idade escolar\" \/><span class=\"wpcf7-list-item-label\">Pai\/m\u00e3e de crian\u00e7as em idade escolar<\/span><\/label><\/span><span class=\"wpcf7-list-item\"><label><input type=\"radio\" name=\"portugal\" value=\"Professor\/a do ensino b\u00e1sico\" \/><span class=\"wpcf7-list-item-label\">Professor\/a do ensino b\u00e1sico<\/span><\/label><\/span><span class=\"wpcf7-list-item\"><label><input type=\"radio\" name=\"portugal\" value=\"Estudante universit\u00e1rio\" \/><span class=\"wpcf7-list-item-label\">Estudante universit\u00e1rio<\/span><\/label><\/span><span class=\"wpcf7-list-item\"><label><input type=\"radio\" name=\"portugal\" value=\"Outros formadores\" \/><span class=\"wpcf7-list-item-label\">Outros formadores<\/span><\/label><\/span><span class=\"wpcf7-list-item last has-free-text\"><label><input type=\"radio\" name=\"portugal\" value=\"Outros (por favor especifique)\" \/><span class=\"wpcf7-list-item-label\">Outros (por favor especifique)<\/span><\/label> <input type=\"text\" name=\"_wpcf7_free_text_portugal\" class=\"wpcf7-free-text\" \/><\/span><\/span><\/span>\n\t<\/p>\n<\/div>\n<div data-id=\"group-espanya\" data-orig_data_id=\"group-espanya\"  data-class=\"wpcf7cf_group\">\n\t<h4>Indique qual perfil \u00e9 mais parecido com o seu:*\n\t<\/h4>\n\t<p><span class=\"wpcf7-form-control-wrap\" data-name=\"espanya\"><span class=\"wpcf7-form-control wpcf7-radio\"><span class=\"wpcf7-list-item first\"><label><input type=\"radio\" name=\"espanya\" value=\"Pai\/m\u00e3e de crian\u00e7as entre 12 e 18 anos\" \/><span class=\"wpcf7-list-item-label\">Pai\/m\u00e3e de crian\u00e7as entre 12 e 18 anos<\/span><\/label><\/span><span class=\"wpcf7-list-item\"><label><input type=\"radio\" name=\"espanya\" value=\"Professor\/a do ensino secund\u00e1rio\" \/><span class=\"wpcf7-list-item-label\">Professor\/a do ensino secund\u00e1rio<\/span><\/label><\/span><span class=\"wpcf7-list-item last has-free-text\"><label><input type=\"radio\" name=\"espanya\" value=\"Outros formadores (por favor especifique)\" \/><span class=\"wpcf7-list-item-label\">Outros formadores (por favor especifique)<\/span><\/label> <input type=\"text\" name=\"_wpcf7_free_text_espanya\" class=\"wpcf7-free-text\" \/><\/span><\/span><\/span>\n\t<\/p>\n<\/div>\n<h3>3. Por favor, indique os seus interesses:\n<\/h3>\n<p><span class=\"wpcf7-form-control-wrap\" data-name=\"intereses\"><span class=\"wpcf7-form-control wpcf7-checkbox\"><span class=\"wpcf7-list-item first\"><label><input type=\"checkbox\" name=\"intereses[]\" value=\"Sou professor\/a e estou interessado\/a em participar no projeto com os meus alunos\" \/><span class=\"wpcf7-list-item-label\">Sou professor\/a e estou interessado\/a em participar no projeto com os meus alunos<\/span><\/label><\/span><span class=\"wpcf7-list-item last\"><label><input type=\"checkbox\" name=\"intereses[]\" value=\"Estou interessado\/a em receber informa\u00e7\u00f5es sobre o projeto\" \/><span class=\"wpcf7-list-item-label\">Estou interessado\/a em receber informa\u00e7\u00f5es sobre o projeto<\/span><\/label><\/span><\/span><\/span>\n<\/p>\n<hr \/>\n<p><small>Em conformidade com a regulamenta\u00e7\u00e3o em vigor em mat\u00e9ria de prote\u00e7\u00e3o de dados, informamos que:<br \/>\n1. RESPONS\u00c1VEL PELO TRATAMENTO: ASOCIACI\u00d3N DE INVESTIGACI\u00d3N DE LA INDUSTRIA DEL JUGUETE, CONEXAS Y AFINES (CIF: G03182862) sede em AV. DE LA INDUSTRIA, 23. 03440, IBI (ALICANTE - ESPANHA). Telefone: +34 96 555 44 75.<br \/>\n2. OBJETIVO DO TRATAMENTO:<br \/>\n- Inscri\u00e7\u00e3o na iniciativa: Gerir o registo, a participa\u00e7\u00e3o e o acompanhamento dos participantes.<br \/>\n- Newsletter: Enviar a newsletter SAFEorFAKE por email para o endere\u00e7o eletr\u00f3nico fornecido pelo\/a utilizador\/a<br \/>\n3. A LEGITIMIDADE DO TRATAMENTO baseia-se no consentimento da parte interessada<br \/>\n4. PRAZO DE CONSERVA\u00c7\u00c3O: Os dados ser\u00e3o conservados enquanto o\/a utilizador\/a n\u00e3o manifestar o seu direito de elimina\u00e7\u00e3o.<br \/>\n5.5. EXERC\u00cdCIO DE DIREITOS: Se desejar cancelar a subscri\u00e7\u00e3o das comunica\u00e7\u00f5es electr\u00f3nicas, pode faz\u00ea-lo atrav\u00e9s da hiperliga\u00e7\u00e3o que se encontra na parte inferior da mensagem de correio eletr\u00f3nico ou enviando um e-mail para <a href=\"mailto:proyectosseguridad@aiju.es\">proyectosseguridad@aiju.es<\/a>. Pode exercer os seus direitos em mat\u00e9ria de prote\u00e7\u00e3o de dados (acesso, retifica\u00e7\u00e3o, oposi\u00e7\u00e3o, supress\u00e3o, decis\u00f5es automatizadas, limita\u00e7\u00e3o do tratamento, portabilidade) por correio eletr\u00f3nico em <a href=\"https:\/\/www.aepd.es\/\" target=_blank>https:\/\/www.aepd.es\/<\/a>. Pode encontrar mais informa\u00e7\u00f5es sobre a <a href=\"\/politica-de-privacidad\" target=_blank>pol\u00edtica de privacidade aqui<\/a>.<\/small>\n<\/p>\n<p style=\"width:600px; padding-left:20px;padding-top:10px;padding-bottom:10px;background-color:#F0F0F0\"><span class=\"wpcf7-form-control-wrap\" data-name=\"privacidad\"><span class=\"wpcf7-form-control wpcf7-acceptance\"><span class=\"wpcf7-list-item\"><label><input type=\"checkbox\" name=\"privacidad\" value=\"1\" aria-invalid=\"false\" \/><span class=\"wpcf7-list-item-label\">Li e aceito as condi\u00e7\u00f5es da <a href=\"\/politica-de-privacidad\" target=_blank>pol\u00edtica de privacidade<\/a><\/span><\/label><\/span><\/span><\/span>\n<\/p>\n<p><input class=\"wpcf7-form-control wpcf7-submit has-spinner\" type=\"submit\" value=\"Enviar\" \/>\n<\/p><div class=\"wpcf7-response-output\" aria-hidden=\"true\"><\/div>\n<\/form>\n<\/div>\n[\/vc_column][vc_column width=&#8221;1\/6&#8243;][\/vc_column][\/vc_row]<\/p>\n<\/div>","protected":false},"excerpt":{"rendered":"<p>[vc_row][vc_column width=&#8221;1\/6&#8243;][\/vc_column][vc_column bg_color=&#8221;#ffffff&#8221; column_padding=&#8221;padding-5&#8243; width=&#8221;2\/3&#8243;][\/vc_column][vc_column width=&#8221;1\/6&#8243;][\/vc_column][\/vc_row]<\/p>\n","protected":false},"author":1,"featured_media":0,"parent":0,"menu_order":0,"comment_status":"closed","ping_status":"closed","template":"","meta":{"footnotes":""},"class_list":["post-2200","page","type-page","status-publish","hentry"],"_links":{"self":[{"href":"https:\/\/www.safeorfake.eu\/pt-pt\/wp-json\/wp\/v2\/pages\/2200","targetHints":{"allow":["GET"]}}],"collection":[{"href":"https:\/\/www.safeorfake.eu\/pt-pt\/wp-json\/wp\/v2\/pages"}],"about":[{"href":"https:\/\/www.safeorfake.eu\/pt-pt\/wp-json\/wp\/v2\/types\/page"}],"author":[{"embeddable":true,"href":"https:\/\/www.safeorfake.eu\/pt-pt\/wp-json\/wp\/v2\/users\/1"}],"replies":[{"embeddable":true,"href":"https:\/\/www.safeorfake.eu\/pt-pt\/wp-json\/wp\/v2\/comments?post=2200"}],"version-history":[{"count":3,"href":"https:\/\/www.safeorfake.eu\/pt-pt\/wp-json\/wp\/v2\/pages\/2200\/revisions"}],"predecessor-version":[{"id":2242,"href":"https:\/\/www.safeorfake.eu\/pt-pt\/wp-json\/wp\/v2\/pages\/2200\/revisions\/2242"}],"wp:attachment":[{"href":"https:\/\/www.safeorfake.eu\/pt-pt\/wp-json\/wp\/v2\/media?parent=2200"}],"curies":[{"name":"wp","href":"https:\/\/api.w.org\/{rel}","templated":true}]}}