{"id":2194,"date":"2023-11-10T12:26:27","date_gmt":"2023-11-10T11:26:27","guid":{"rendered":"https:\/\/www.safeorfake.eu\/?page_id=2194"},"modified":"2024-03-26T10:51:22","modified_gmt":"2024-03-26T09:51:22","slug":"toolkit","status":"publish","type":"page","link":"https:\/\/www.safeorfake.eu\/pt-pt\/toolkit\/","title":{"rendered":"Toolkit"},"content":{"rendered":"<div class=\"wpb-content-wrapper\"><p>[vc_row top_padding=&#8221;60&#8243; bottom_padding=&#8221;50&#8243;][vc_column width=&#8221;1\/4&#8243;]<div class=\"single_image wpb_content_element align-left    \" data-animation=\"none\" data-delay=\"0\"><img loading=\"lazy\" decoding=\"async\" width=\"273\" height=\"200\" src=\"https:\/\/www.safeorfake.eu\/wp-content\/uploads\/2023\/10\/safeorfake2-frase.png\" class=\"attachment-full\" alt=\"\" title=\"safeorfake2-frase\" \/><\/div>[\/vc_column][vc_column width=&#8221;3\/4&#8243;]<h2 class=\"headline font-inherit fontsize-xl fontweight-300 lh-16 align-left transform-inherit \" style=\"margin: 0 0 50px 0px;\">O toolkit SAFEorFAKE integra uma s\u00e9rie de <b>materiais l\u00fadico-pedag\u00f3gicos<\/b> para serem utilizados por crian\u00e7as, professores do ensino b\u00e1sico e outros formadores em sala de aula ou em atividades extracurriculares<\/h2>[\/vc_column][vc_column width=&#8221;1\/1&#8243;]<h3 class=\"headline font-inherit fontsize-xxxxl fontweight-300 lh-13 align-center transform-inherit \" style=\"margin: 0 0 50px 0;\">Recursos divertidos, did\u00e1ticos e<br \/>\nbaseados em novas tecnologias<\/h3>[\/vc_column][\/vc_row][vc_row bottom_padding=&#8221;50&#8243;][vc_column width=&#8221;1\/5&#8243;][vc_icon icon_fontawesome=&#8221;fas fa-book&#8221; color=&#8221;white&#8221; background_style=&#8221;rounded&#8221; background_color=&#8221;turquoise&#8221; size=&#8221;xl&#8221; align=&#8221;center&#8221; link=&#8221;url:https%3A%2F%2Fwww.safeorfake.eu%2Fpt-pt%2Fcategory%2Fguias%2F&#8221;]<div class=\"headline font-inherit fontsize-l fontweight-inherit lh-inherit align-center transform-inherit \" style=\"margin: -20px 0 20px 0;\">Guias pedag\u00f3gicos<\/div>[\/vc_column][vc_column width=&#8221;1\/5&#8243;][vc_icon icon_fontawesome=&#8221;fas fa-play-circle&#8221; color=&#8221;white&#8221; background_style=&#8221;rounded&#8221; background_color=&#8221;pink&#8221; size=&#8221;xl&#8221; align=&#8221;center&#8221; link=&#8221;url:https%3A%2F%2Fwww.safeorfake.eu%2Fpt-pt%2Fcategory%2Fvideos-pt-pt%2F&#8221;]<div class=\"headline font-inherit fontsize-l fontweight-inherit lh-inherit align-center transform-inherit \" style=\"margin: -20px 0 20px 0;\">Videos educativos<\/div>[\/vc_column][vc_column width=&#8221;1\/5&#8243;][vc_icon icon_fontawesome=&#8221;fas fa-chart-pie&#8221; color=&#8221;white&#8221; background_style=&#8221;rounded&#8221; background_color=&#8221;vista_blue&#8221; size=&#8221;xl&#8221; align=&#8221;center&#8221; link=&#8221;url:https%3A%2F%2Fwww.safeorfake.eu%2Fpt-pt%2Fcategory%2Finfografias%2F&#8221;]<div class=\"headline font-inherit fontsize-l fontweight-inherit lh-inherit align-center transform-inherit \" style=\"margin: -20px 0 20px 0;\">Infografias<\/div>[\/vc_column][vc_column width=&#8221;1\/5&#8243;][vc_icon icon_fontawesome=&#8221;far fa-file-image&#8221; color=&#8221;white&#8221; background_style=&#8221;rounded&#8221; background_color=&#8221;orange&#8221; size=&#8221;xl&#8221; align=&#8221;center&#8221; link=&#8221;url:https%3A%2F%2Fwww.safeorfake.eu%2Fpt-pt%2Fcategory%2Fcartazes%2F&#8221;]<div class=\"headline font-inherit fontsize-l fontweight-inherit lh-inherit align-center transform-inherit \" style=\"margin: -20px 0 20px 0;\">Cartazes<\/div>[\/vc_column][vc_column width=&#8221;1\/5&#8243;][vc_icon icon_fontawesome=&#8221;fas fa-folder-open&#8221; color=&#8221;white&#8221; background_style=&#8221;rounded&#8221; background_color=&#8221;purple&#8221; size=&#8221;xl&#8221; align=&#8221;center&#8221; link=&#8221;url:https%3A%2F%2Fwww.safeorfake.eu%2Fpt-pt%2Fcategory%2Fguias-fichas%2F&#8221;]<div class=\"headline font-inherit fontsize-l fontweight-inherit lh-13 align-center transform-inherit \" style=\"margin: -20px 0 20px 0;\">Fichas de trabalho<\/div>[\/vc_column][\/vc_row][vc_row bg_color=&#8221;#efefef&#8221; top_padding=&#8221;60&#8243; bottom_padding=&#8221;40&#8243;][vc_column text_align=&#8221;center&#8221; width=&#8221;1\/1&#8243;]<h3 class=\"headline font-inherit fontsize-xxxxl fontweight-600 lh-13 align-center transform-inherit \" style=\"margin: 0 0 20px 0; color: #000000;\">TEMAS<\/h3>[\/vc_column][\/vc_row][vc_row bg_color=&#8221;#efefef&#8221;][vc_column width=&#8221;1\/2&#8243;]<div class=\"box clearfix style-2 wpb_content_element align-center \" style=\"padding: 40px 40px 60px 40px; \">\n<h1 style=\"text-align: center;\"><strong>1<\/strong><\/h1>\n<h2>Propriedade intelectual<\/h2>\n<hr \/>\n<h4>O que \u00e9?<br \/>\nComo funciona?<br \/>\nA import\u00e2ncia da propriedade intelectual nos brinquedos<br \/>\nEstudos de caso<br \/>\nO poder do consumidor<\/h4>\n<a href=\"https:\/\/www.safeorfake.eu\/pt-pt\/category\/unidade-1\/\" target=\"_self\" class=\"button color-6 medium \" style=\"border-radius: 2px;\">CONTE\u00daDOS DA UNIDADE 1<\/a><\/div>[\/vc_column][vc_column width=&#8221;1\/2&#8243;]<div class=\"box clearfix style-2 wpb_content_element align-center \" style=\"padding: 40px 40px 30px 40px; \">\n<h1 style=\"text-align: center;\"><strong>2<\/strong><\/h1>\n<h2>Riscos para a sa\u00fade provenientes de produtos infantis falsificados<\/h2>\n<hr \/>\n<h4>Conceito de risco, perigo e les\u00e3o<br \/>\nVulnerabilidade das crian\u00e7as<br \/>\nPerigos f\u00edsicos<br \/>\nPerigos toxicol\u00f3gicos<br \/>\nRiscos t\u00e9rmicos<br \/>\nPerigos el\u00e9tricos<\/h4>\n<a href=\"https:\/\/www.safeorfake.eu\/pt-pt\/category\/unidade-2\/\" target=\"_self\" class=\"button color-2 medium \" style=\"border-radius: 2px;\">CONTE\u00daDOS DA UNIDADE 2<\/a><\/div>[\/vc_column][\/vc_row][vc_row bg_color=&#8221;#efefef&#8221; top_padding=&#8221;40&#8243; bottom_padding=&#8221;80&#8243;][vc_column width=&#8221;1\/2&#8243;]<div class=\"box clearfix style-2 wpb_content_element align-center \" style=\"padding: 40px 40px 40px 40px; \">\n<h1 style=\"text-align: center;\"><strong>3<\/strong><\/h1>\n<h2>Riscos para a sociedade<br \/>\nprovenientes de produtos<br \/>\ninfantis falsificados<\/h2>\n<hr \/>\n<h4>Riscos para o setor industrial, setores prim\u00e1rio, secund\u00e1rio e terci\u00e1rio.<br \/>\nRiscos para as fam\u00edlias<br \/>\nRiscos para a sociedade<\/h4>\n<a href=\"https:\/\/www.safeorfake.eu\/pt-pt\/category\/unidade-3\/\" target=\"_self\" class=\"button color-2 medium \" style=\"border-radius: 2px;\">CONTE\u00daDOS DA UNIDADE 3<\/a><\/div>[\/vc_column][vc_column width=&#8221;1\/2&#8243;]<div class=\"box clearfix style-2 wpb_content_element align-center \" style=\"padding: 40px 40px 40px 40px; \">\n<h1 style=\"text-align: center;\">4<\/h1>\n<h2>Riscos para o meio ambiente provenientes de produtos infantis falsificados<\/h2>\n<hr \/>\n<h4>Riscos de processos industriais n\u00e3o controlados<br \/>\nOrigem das mat\u00e9rias-primas<br \/>\nSustentabilidade<br \/>\nReciclagem<\/h4>\n<a href=\"https:\/\/www.safeorfake.eu\/pt-pt\/category\/unidade-4\/\" target=\"_self\" class=\"button color-6 medium \" style=\"border-radius: 2px;\">CONTE\u00daDOS DA UNIDADE 4<\/a><\/div>[\/vc_column][\/vc_row][vc_row text_align=&#8221;center&#8221; top_padding=&#8221;40&#8243; bottom_padding=&#8221;40&#8243;][vc_column width=&#8221;5\/6&#8243;]<div class=\"headline font-inherit fontsize-m fontweight-400 lh-inherit align-left transform-inherit \" style=\"margin: 0 0 0px 0;\">\u00c9 docente do 1.\u00ba ou 2.\u00ba Ciclo, professor ou aluno universit\u00e1rio na \u00e1rea da educa\u00e7\u00e3o? Quer fazer algo diferente? Contacte-nos e explicaremos como pode participar com os seus alunos no projeto<\/div>[\/vc_column][vc_column width=&#8221;1\/6&#8243;]<a href=\"\/pt-pt\/contacto\/\" target=\"_self\" class=\"button color-6 large center\" style=\"border-radius: 0px;\">CONTACTO<\/a>[\/vc_column][\/vc_row]<\/p>\n<\/div>","protected":false},"excerpt":{"rendered":"<p>[vc_row top_padding=&#8221;60&#8243; bottom_padding=&#8221;50&#8243;][vc_column width=&#8221;1\/4&#8243;][\/vc_column][vc_column width=&#8221;3\/4&#8243;][\/vc_column][vc_column width=&#8221;1\/1&#8243;][\/vc_column][\/vc_row][vc_row bottom_padding=&#8221;50&#8243;][vc_column width=&#8221;1\/5&#8243;][vc_icon icon_fontawesome=&#8221;fas fa-book&#8221; color=&#8221;white&#8221; background_style=&#8221;rounded&#8221; background_color=&#8221;turquoise&#8221; size=&#8221;xl&#8221; align=&#8221;center&#8221; link=&#8221;url:https%3A%2F%2Fwww.safeorfake.eu%2Fpt-pt%2Fcategory%2Fguias%2F&#8221;][\/vc_column][vc_column width=&#8221;1\/5&#8243;][vc_icon icon_fontawesome=&#8221;fas fa-play-circle&#8221; color=&#8221;white&#8221; background_style=&#8221;rounded&#8221; background_color=&#8221;pink&#8221; size=&#8221;xl&#8221; align=&#8221;center&#8221; link=&#8221;url:https%3A%2F%2Fwww.safeorfake.eu%2Fpt-pt%2Fcategory%2Fvideos-pt-pt%2F&#8221;][\/vc_column][vc_column width=&#8221;1\/5&#8243;][vc_icon icon_fontawesome=&#8221;fas fa-chart-pie&#8221; color=&#8221;white&#8221; background_style=&#8221;rounded&#8221; background_color=&#8221;vista_blue&#8221; size=&#8221;xl&#8221; align=&#8221;center&#8221; link=&#8221;url:https%3A%2F%2Fwww.safeorfake.eu%2Fpt-pt%2Fcategory%2Finfografias%2F&#8221;][\/vc_column][vc_column width=&#8221;1\/5&#8243;][vc_icon icon_fontawesome=&#8221;far fa-file-image&#8221; color=&#8221;white&#8221; background_style=&#8221;rounded&#8221; background_color=&#8221;orange&#8221; size=&#8221;xl&#8221; align=&#8221;center&#8221; link=&#8221;url:https%3A%2F%2Fwww.safeorfake.eu%2Fpt-pt%2Fcategory%2Fcartazes%2F&#8221;][\/vc_column][vc_column width=&#8221;1\/5&#8243;][vc_icon icon_fontawesome=&#8221;fas fa-folder-open&#8221; color=&#8221;white&#8221; background_style=&#8221;rounded&#8221; background_color=&#8221;purple&#8221; size=&#8221;xl&#8221; align=&#8221;center&#8221; link=&#8221;url:https%3A%2F%2Fwww.safeorfake.eu%2Fpt-pt%2Fcategory%2Fguias-fichas%2F&#8221;][\/vc_column][\/vc_row][vc_row bg_color=&#8221;#efefef&#8221; top_padding=&#8221;60&#8243; bottom_padding=&#8221;40&#8243;][vc_column text_align=&#8221;center&#8221; width=&#8221;1\/1&#8243;][\/vc_column][\/vc_row][vc_row bg_color=&#8221;#efefef&#8221;][vc_column width=&#8221;1\/2&#8243;][\/vc_column][vc_column width=&#8221;1\/2&#8243;][\/vc_column][\/vc_row][vc_row bg_color=&#8221;#efefef&#8221; top_padding=&#8221;40&#8243; bottom_padding=&#8221;80&#8243;][vc_column width=&#8221;1\/2&#8243;][\/vc_column][vc_column width=&#8221;1\/2&#8243;][\/vc_column][\/vc_row][vc_row text_align=&#8221;center&#8221; top_padding=&#8221;40&#8243; bottom_padding=&#8221;40&#8243;][vc_column width=&#8221;5\/6&#8243;][\/vc_column][vc_column width=&#8221;1\/6&#8243;][\/vc_column][\/vc_row]<\/p>\n","protected":false},"author":1,"featured_media":0,"parent":0,"menu_order":0,"comment_status":"closed","ping_status":"closed","template":"","meta":{"footnotes":""},"class_list":["post-2194","page","type-page","status-publish","hentry"],"_links":{"self":[{"href":"https:\/\/www.safeorfake.eu\/pt-pt\/wp-json\/wp\/v2\/pages\/2194","targetHints":{"allow":["GET"]}}],"collection":[{"href":"https:\/\/www.safeorfake.eu\/pt-pt\/wp-json\/wp\/v2\/pages"}],"about":[{"href":"https:\/\/www.safeorfake.eu\/pt-pt\/wp-json\/wp\/v2\/types\/page"}],"author":[{"embeddable":true,"href":"https:\/\/www.safeorfake.eu\/pt-pt\/wp-json\/wp\/v2\/users\/1"}],"replies":[{"embeddable":true,"href":"https:\/\/www.safeorfake.eu\/pt-pt\/wp-json\/wp\/v2\/comments?post=2194"}],"version-history":[{"count":18,"href":"https:\/\/www.safeorfake.eu\/pt-pt\/wp-json\/wp\/v2\/pages\/2194\/revisions"}],"predecessor-version":[{"id":2586,"href":"https:\/\/www.safeorfake.eu\/pt-pt\/wp-json\/wp\/v2\/pages\/2194\/revisions\/2586"}],"wp:attachment":[{"href":"https:\/\/www.safeorfake.eu\/pt-pt\/wp-json\/wp\/v2\/media?parent=2194"}],"curies":[{"name":"wp","href":"https:\/\/api.w.org\/{rel}","templated":true}]}}