{"id":2185,"date":"2023-11-10T12:04:12","date_gmt":"2023-11-10T11:04:12","guid":{"rendered":"https:\/\/www.safeorfake.eu\/?page_id=2185"},"modified":"2023-11-10T12:38:31","modified_gmt":"2023-11-10T11:38:31","slug":"sobre-o-projeto","status":"publish","type":"page","link":"https:\/\/www.safeorfake.eu\/pt-pt\/sobre-o-projeto\/","title":{"rendered":"Sobre o projeto"},"content":{"rendered":"<div class=\"wpb-content-wrapper\"><p>[vc_row bg_color=&#8221;#cce8e8&#8243; section_arrow=&#8221;false&#8221; top_padding=&#8221;60&#8243; bottom_padding=&#8221;60&#8243;][vc_column width=&#8221;2\/3&#8243;]<h2 class=\"headline font-inherit fontsize-l fontweight-inherit lh-16 align-left transform-inherit \" style=\"margin: 0 0 20px 0;\">O <strong>SAFEorFAKE? Toolkit From school to university<\/strong> \u00e9 um projeto realizado pelo AIJU &#8220;Instituto Tecnol\u00f3gico del Producto Infantil y Ocio&#8221; (Espanha) em colabora\u00e7\u00e3o com a APSI &#8220;Associa\u00e7\u00e3o para a Promo\u00e7\u00e3o da Seguran\u00e7a Infantil&#8221; (Portugal) com o apoio do Instituto da Propriedade Intelectual da Uni\u00e3o Europeia (EUIPO).<\/h2>[\/vc_column][vc_column column_center=&#8221;true&#8221; width=&#8221;1\/3&#8243;]<div class=\"single_image wpb_content_element align-left    \" data-animation=\"none\" data-delay=\"0\"><img loading=\"lazy\" decoding=\"async\" width=\"273\" height=\"200\" src=\"https:\/\/www.safeorfake.eu\/wp-content\/uploads\/2023\/10\/safeorfake2-frase.png\" class=\"attachment-full\" alt=\"\" title=\"safeorfake2-frase\" \/><\/div>[\/vc_column][\/vc_row][vc_row bg_color=&#8221;#ffffff&#8221; section_arrow=&#8221;false&#8221; top_padding=&#8221;60&#8243; bottom_padding=&#8221;60&#8243;][vc_column width=&#8221;1\/4&#8243;]<h3 class=\"headline font-inherit fontsize-xs fontweight-500 lh-inherit align-left transform-inherit \" style=\"margin: 0 0 30px 0;\"><a href=\"\/pt-pt\/toolkit\/\">PROJETO 2021-2022<\/a><\/h3><div class=\"single_image wpb_content_element align-left    \" data-animation=\"none\" data-delay=\"0\"><img loading=\"lazy\" decoding=\"async\" width=\"178\" height=\"100\" src=\"https:\/\/www.safeorfake.eu\/wp-content\/uploads\/2021\/09\/logo-safeorfake-100.png\" class=\"attachment-full\" alt=\"\" title=\"logo-safeorfake-100\" \/><\/div>[\/vc_column][vc_column width=&#8221;3\/4&#8243;]<div class=\"headline font-inherit fontsize-s fontweight-inherit lh-15 align-left transform-inherit \" style=\"margin: 0 0 20px 0;\">Este projeto fundamenta-se no sucesso da iniciativa anterior (projeto <b>SAFEorFAKE?<\/b> financiado ao abrigo da <em>CALL FOR PROPOSAL GR\/002\/21 Apoio a atividades de sensibiliza\u00e7\u00e3o sobre o valor da Propriedade Intelectual e os danos causados pela contrafa\u00e7\u00e3o e pirataria<\/em>) que<\/div>[vc_column_text]<\/p>\n<ul>\n<li>desenvolveu a ferramenta pedag\u00f3gica\u00a0<span style=\"color: #0000ff;\"><strong><u><a style=\"color: #0000ff;\" href=\"\/pt-pt\/toolkit\/\">toolkit SAFEorFAKE?<\/a><\/u><\/strong><\/span> e<\/li>\n<li>levou a cabo uma campanha de sensibiliza\u00e7\u00e3o dirigida \u00e0s crian\u00e7as e aos professores do ensino b\u00e1sico sobre a import\u00e2ncia da propriedade intelectual e os riscos da falsifica\u00e7\u00e3o de BRINQUEDOS, que atingiu mais de 8 milh\u00f5es de pessoas em Espanha.<\/li>\n<\/ul>\n<p>[\/vc_column_text][\/vc_column][\/vc_row][vc_row bg_color=&#8221;#636363&#8243; text_color=&#8221;light&#8221; top_padding=&#8221;50&#8243;][vc_column width=&#8221;1\/1&#8243;]<div class=\"headline font-inherit fontsize-xxl fontweight-400 lh-inherit align-center transform-inherit \" style=\"margin: 0 0 20px 0;\">OBJETIVOS DO PROJETO:<\/div>[\/vc_column][\/vc_row][vc_row bg_color=&#8221;#636363&#8243; text_color=&#8221;light&#8221; bottom_padding=&#8221;40&#8243;][vc_column width=&#8221;1\/2&#8243;]<div class=\"headline font-special fontsize-l fontweight-inherit lh-15 align-left transform-inherit \" style=\"margin: 0 20px 20px 20px;\">Transfer\u00eancia de resultados do projeto SAFEorFAKE? para <b>Portugal<\/b>. Destinado a crian\u00e7as entre os 8 e os 12 anos, professores e futuros profissionais da educa\u00e7\u00e3o.<\/div>[\/vc_column][vc_column width=&#8221;1\/2&#8243;]<div class=\"headline font-special fontsize-l fontweight-inherit lh-15 align-left transform-inherit \" style=\"margin: 0 20px 20px 20px;\">Alargamento do grupo et\u00e1rio dos 12 aos 18 anos em <b>Espanha<\/b>. Projeto centrado nos produtos mais utilizados pelos jovens.<\/div>[\/vc_column][\/vc_row][vc_row type=&#8221;full_width_section&#8221; bg_color=&#8221;#636363&#8243; text_color=&#8221;light&#8221;][vc_column width=&#8221;1\/1&#8243;][vc_media_grid element_width=&#8221;3&#8243; gap=&#8221;0&#8243; item=&#8221;2056&#8243; grid_id=&#8221;vc_gid:1699616243523-a70bafaf-8310-8&#8243; include=&#8221;1969,1964,2135,1825&#8243; css=&#8221;.vc_custom_1699271632174{padding-right: 0px !important;padding-left: 0px !important;}&#8221;][\/vc_column][\/vc_row][vc_row bg_color=&#8221;#636363&#8243; text_color=&#8221;light&#8221; bottom_padding=&#8221;40&#8243;][vc_column width=&#8221;1\/6&#8243;][\/vc_column][vc_column width=&#8221;2\/3&#8243;]<div class=\"headline font-special fontsize-l fontweight-600 lh-15 align-center transform-inherit \" style=\"margin: 20px 0 20px 0; color: #a5d5d5;\">Recursos educativos e atividades de sensibiliza\u00e7\u00e3o sobre a import\u00e2ncia da propriedade industrial e intelectual para o progresso da sociedade e os riscos que representam os produtos falsificados.<\/div>[\/vc_column][vc_column width=&#8221;1\/6&#8243;][\/vc_column][\/vc_row]<\/p>\n<\/div>","protected":false},"excerpt":{"rendered":"<p>[vc_row bg_color=&#8221;#cce8e8&#8243; section_arrow=&#8221;false&#8221; top_padding=&#8221;60&#8243; bottom_padding=&#8221;60&#8243;][vc_column width=&#8221;2\/3&#8243;][\/vc_column][vc_column column_center=&#8221;true&#8221; width=&#8221;1\/3&#8243;][\/vc_column][\/vc_row][vc_row bg_color=&#8221;#ffffff&#8221; section_arrow=&#8221;false&#8221; top_padding=&#8221;60&#8243; bottom_padding=&#8221;60&#8243;][vc_column width=&#8221;1\/4&#8243;][\/vc_column][vc_column width=&#8221;3\/4&#8243;][vc_column_text] desenvolveu a ferramenta pedag\u00f3gica\u00a0toolkit SAFEorFAKE? e levou a cabo uma campanha de sensibiliza\u00e7\u00e3o dirigida \u00e0s crian\u00e7as e aos professores do ensino b\u00e1sico sobre a import\u00e2ncia da propriedade intelectual e os riscos da falsifica\u00e7\u00e3o de BRINQUEDOS, que atingiu mais de 8 milh\u00f5es de pessoas em Espanha. [\/vc_column_text][\/vc_column][\/vc_row][vc_row bg_color=&#8221;#636363&#8243; text_color=&#8221;light&#8221; top_padding=&#8221;50&#8243;][vc_column width=&#8221;1\/1&#8243;][\/vc_column][\/vc_row][vc_row bg_color=&#8221;#636363&#8243; text_color=&#8221;light&#8221; bottom_padding=&#8221;40&#8243;][vc_column width=&#8221;1\/2&#8243;][\/vc_column][vc_column width=&#8221;1\/2&#8243;][\/vc_column][\/vc_row][vc_row type=&#8221;full_width_section&#8221; bg_color=&#8221;#636363&#8243; text_color=&#8221;light&#8221;][vc_column width=&#8221;1\/1&#8243;][vc_media_grid element_width=&#8221;3&#8243; gap=&#8221;0&#8243; item=&#8221;2056&#8243; grid_id=&#8221;vc_gid:1699616243523-a70bafaf-8310-8&#8243; include=&#8221;1969,1964,2135,1825&#8243; css=&#8221;.vc_custom_1699271632174{padding-right: 0px !important;padding-left: 0px !important;}&#8221;][\/vc_column][\/vc_row][vc_row bg_color=&#8221;#636363&#8243; text_color=&#8221;light&#8221; bottom_padding=&#8221;40&#8243;][vc_column width=&#8221;1\/6&#8243;][\/vc_column][vc_column width=&#8221;2\/3&#8243;][\/vc_column][vc_column width=&#8221;1\/6&#8243;][\/vc_column][\/vc_row]<\/p>\n","protected":false},"author":1,"featured_media":0,"parent":0,"menu_order":0,"comment_status":"closed","ping_status":"closed","template":"","meta":{"footnotes":""},"class_list":["post-2185","page","type-page","status-publish","hentry"],"_links":{"self":[{"href":"https:\/\/www.safeorfake.eu\/pt-pt\/wp-json\/wp\/v2\/pages\/2185","targetHints":{"allow":["GET"]}}],"collection":[{"href":"https:\/\/www.safeorfake.eu\/pt-pt\/wp-json\/wp\/v2\/pages"}],"about":[{"href":"https:\/\/www.safeorfake.eu\/pt-pt\/wp-json\/wp\/v2\/types\/page"}],"author":[{"embeddable":true,"href":"https:\/\/www.safeorfake.eu\/pt-pt\/wp-json\/wp\/v2\/users\/1"}],"replies":[{"embeddable":true,"href":"https:\/\/www.safeorfake.eu\/pt-pt\/wp-json\/wp\/v2\/comments?post=2185"}],"version-history":[{"count":8,"href":"https:\/\/www.safeorfake.eu\/pt-pt\/wp-json\/wp\/v2\/pages\/2185\/revisions"}],"predecessor-version":[{"id":2208,"href":"https:\/\/www.safeorfake.eu\/pt-pt\/wp-json\/wp\/v2\/pages\/2185\/revisions\/2208"}],"wp:attachment":[{"href":"https:\/\/www.safeorfake.eu\/pt-pt\/wp-json\/wp\/v2\/media?parent=2185"}],"curies":[{"name":"wp","href":"https:\/\/api.w.org\/{rel}","templated":true}]}}