{"id":2179,"date":"2023-11-10T11:48:00","date_gmt":"2023-11-10T10:48:00","guid":{"rendered":"https:\/\/www.safeorfake.eu\/?page_id=2179"},"modified":"2023-11-10T13:13:19","modified_gmt":"2023-11-10T12:13:19","slug":"homepage-safeorfake","status":"publish","type":"page","link":"https:\/\/www.safeorfake.eu\/pt-pt\/","title":{"rendered":"Homepage SafeorFake"},"content":{"rendered":"<div class=\"wpb-content-wrapper\"><p>[vc_row bg_color=&#8221;#efefef&#8221;][vc_column width=&#8221;1\/1&#8243;]\n\t\t\t<!-- START Slider Safeorfake 21 REVOLUTION SLIDER 6.7.29 --><p class=\"rs-p-wp-fix\"><\/p>\n\t\t\t<rs-module-wrap id=\"rev_slider_5_1_wrapper\" data-source=\"gallery\" style=\"visibility:hidden;background:transparent;padding:0;margin:0px auto;margin-top:0;margin-bottom:0;\">\n\t\t\t\t<rs-module id=\"rev_slider_5_1\" style=\"\" data-version=\"6.7.29\">\n\t\t\t\t\t<rs-slides style=\"overflow: hidden; position: absolute;\">\n\t\t\t\t\t\t<rs-slide style=\"position: absolute;\" data-key=\"rs-26\" data-title=\"Slide\" data-thumb=\"\/\/www.safeorfake.eu\/wp-content\/uploads\/2023\/10\/ninos-jugando-safeorfake-50x100.jpg\" data-anim=\"adpr:false;\" data-in=\"o:0;\" data-out=\"a:false;\">\n\t\t\t\t\t\t\t<img decoding=\"async\" src=\"\/\/www.safeorfake.eu\/wp-content\/plugins\/revslider\/sr6\/assets\/assets\/dummy.png\" alt=\"\" title=\"ni\u00f1os-jugando-safeorfake\" width=\"1920\" height=\"1281\" class=\"rev-slidebg tp-rs-img rs-lazyload\" data-lazyload=\"\/\/www.safeorfake.eu\/wp-content\/uploads\/2023\/10\/ninos-jugando-safeorfake.jpg\" data-no-retina>\n<!--\n\t\t\t\t\t\t\t--><rs-layer\n\t\t\t\t\t\t\t\tid=\"slider-5-slide-26-layer-3\" \n\t\t\t\t\t\t\t\tdata-type=\"text\"\n\t\t\t\t\t\t\t\tdata-color=\"#333333||#333333||#333333||#000000\"\n\t\t\t\t\t\t\t\tdata-rsp_ch=\"on\"\n\t\t\t\t\t\t\t\tdata-xy=\"x:c;xo:1px,1px,1px,0;y:b;yo:46px,46px,46px,18px;\"\n\t\t\t\t\t\t\t\tdata-text=\"w:normal;s:40,40,40,24;l:50,50,50,28;\"\n\t\t\t\t\t\t\t\tdata-dim=\"w:1021px,1021px,1021px,422px;h:210px,210px,210px,135px;minh:0px,0px,0px,none;\"\n\t\t\t\t\t\t\t\tdata-padding=\"t:30,30,30,12;r:30,30,30,12;b:30,30,30,12;l:30,30,30,12;\"\n\t\t\t\t\t\t\t\tdata-frame_0=\"x: 0px, 0px, 0px,0px;\"\n\t\t\t\t\t\t\t\tdata-frame_1=\"st:600;sp:1000;\"\n\t\t\t\t\t\t\t\tdata-frame_999=\"o:0;st:w;\"\n\t\t\t\t\t\t\t\tstyle=\"z-index:9;background-color:rgba(255,255,255,0.57);font-family:'Raleway';\"\n\t\t\t\t\t\t\t><strong>PORTUGAL<\/strong><br \/>\nPara crian\u00e7as dos <b>8 aos 12 anos<\/b>, docentes do ensino b\u00e1sico e futuros profissionais da educa\u00e7\u00e3o \n\t\t\t\t\t\t\t<\/rs-layer><!--\n\n\t\t\t\t\t\t\t--><rs-layer\n\t\t\t\t\t\t\t\tid=\"slider-5-slide-26-layer-6\" \n\t\t\t\t\t\t\t\tdata-type=\"text\"\n\t\t\t\t\t\t\t\tdata-rsp_ch=\"on\"\n\t\t\t\t\t\t\t\tdata-xy=\"xo:-1px;yo:351px,351px,351px,537px;\"\n\t\t\t\t\t\t\t\tdata-text=\"w:normal;l:40,40,40,21;fw:500;a:center;\"\n\t\t\t\t\t\t\t\tdata-dim=\"w:270px,270px,270px,390px;h:47px,47px,47px,29px;minh:0px,0px,0px,none;\"\n\t\t\t\t\t\t\t\tdata-padding=\"t:4,4,4,3;\"\n\t\t\t\t\t\t\t\tdata-frame_0=\"x:0,0,0,0px;y:0,0,0,0px;\"\n\t\t\t\t\t\t\t\tdata-frame_1=\"x:0,0,0,0px;y:0,0,0,0px;st:300;sp:700;\"\n\t\t\t\t\t\t\t\tdata-frame_999=\"o:0;st:w;\"\n\t\t\t\t\t\t\t\tstyle=\"z-index:10;background-color:#5dbbab;font-family:'Roboto';\"\n\t\t\t\t\t\t\t>Projeto em: \n\t\t\t\t\t\t\t<\/rs-layer><!--\n-->\t\t\t\t\t<\/rs-slide>\n\t\t\t\t\t\t<rs-slide style=\"position: absolute;\" data-key=\"rs-27\" data-title=\"Slide\" data-thumb=\"\/\/www.safeorfake.eu\/wp-content\/uploads\/2023\/11\/electric-scooter-50x100.jpg\" data-anim=\"adpr:false;\" data-in=\"o:0;\" data-out=\"a:false;\">\n\t\t\t\t\t\t\t<img decoding=\"async\" src=\"\/\/www.safeorfake.eu\/wp-content\/plugins\/revslider\/sr6\/assets\/assets\/dummy.png\" alt=\"\" title=\"electric-scooter\" width=\"1920\" height=\"1080\" class=\"rev-slidebg tp-rs-img rs-lazyload\" data-lazyload=\"\/\/www.safeorfake.eu\/wp-content\/uploads\/2023\/11\/electric-scooter.jpg\" data-bg=\"p:30% 0%;\" data-no-retina>\n<!--\n\t\t\t\t\t\t\t--><rs-layer\n\t\t\t\t\t\t\t\tid=\"slider-5-slide-27-layer-1\" \n\t\t\t\t\t\t\t\tdata-type=\"text\"\n\t\t\t\t\t\t\t\tdata-rsp_ch=\"on\"\n\t\t\t\t\t\t\t\tdata-xy=\"xo:-1px;yo:351px,351px,351px,537px;\"\n\t\t\t\t\t\t\t\tdata-text=\"w:normal;l:40,40,40,21;fw:500;a:center;\"\n\t\t\t\t\t\t\t\tdata-dim=\"w:270px,270px,270px,390px;h:47px,47px,47px,29px;minh:0px,0px,0px,none;\"\n\t\t\t\t\t\t\t\tdata-padding=\"t:4,4,4,3;\"\n\t\t\t\t\t\t\t\tdata-frame_0=\"x:0,0,0,0px;y:0,0,0,0px;\"\n\t\t\t\t\t\t\t\tdata-frame_1=\"x:0,0,0,0px;y:0,0,0,0px;st:300;sp:700;\"\n\t\t\t\t\t\t\t\tdata-frame_999=\"o:0;st:w;\"\n\t\t\t\t\t\t\t\tstyle=\"z-index:10;background-color:#5dbbab;font-family:'Roboto';\"\n\t\t\t\t\t\t\t>Projeto em: \n\t\t\t\t\t\t\t<\/rs-layer><!--\n\n\t\t\t\t\t\t\t--><rs-layer\n\t\t\t\t\t\t\t\tid=\"slider-5-slide-27-layer-2\" \n\t\t\t\t\t\t\t\tdata-type=\"text\"\n\t\t\t\t\t\t\t\tdata-color=\"#333333||#333333||#333333||#000000\"\n\t\t\t\t\t\t\t\tdata-rsp_ch=\"on\"\n\t\t\t\t\t\t\t\tdata-xy=\"x:c;xo:1px,1px,1px,0;y:b;yo:46px,46px,46px,18px;\"\n\t\t\t\t\t\t\t\tdata-text=\"w:normal;s:40,40,40,24;l:50,50,50,28;\"\n\t\t\t\t\t\t\t\tdata-dim=\"w:1011px,1011px,1011px,417px;h:auto,auto,auto,135px;minh:0px,0px,0px,none;\"\n\t\t\t\t\t\t\t\tdata-padding=\"t:30,30,30,12;r:30,30,30,12;b:30,30,30,12;l:30,30,30,12;\"\n\t\t\t\t\t\t\t\tdata-frame_0=\"x: 0px, 0px, 0px,0px;\"\n\t\t\t\t\t\t\t\tdata-frame_1=\"st:600;sp:1000;\"\n\t\t\t\t\t\t\t\tdata-frame_999=\"o:0;st:w;\"\n\t\t\t\t\t\t\t\tstyle=\"z-index:9;background-color:rgba(255,255,255,0.57);font-family:'Raleway';\"\n\t\t\t\t\t\t\t><strong>ESPANHA<\/strong><br \/>\nPara crian\u00e7as e jovens entre os <b>12 e os 18 anos<\/b>, docentes e futuros docentes \n\t\t\t\t\t\t\t<\/rs-layer><!--\n-->\t\t\t\t\t<\/rs-slide>\n\t\t\t\t\t\t<rs-slide style=\"position: absolute;\" data-key=\"rs-28\" data-title=\"Video\" data-anim=\"adpr:false;\" data-in=\"o:0;\" data-out=\"a:false;\">\n\t\t\t\t\t\t\t<img decoding=\"async\" src=\"\/\/www.safeorfake.eu\/wp-content\/plugins\/revslider\/sr6\/assets\/assets\/dummy.png\" alt=\"Video\" title=\"Homepage SafeorFake\" class=\"rev-slidebg tp-rs-img rs-lazyload\" data-lazyload=\"\/\/www.safeorfake.eu\/wp-content\/plugins\/revslider\/sr6\/assets\/assets\/transparent.png\" data-no-retina>\n<!--\n\t\t\t\t\t\t\t--><rs-layer\n\t\t\t\t\t\t\t\tid=\"slider-5-slide-28-layer-0\" \n\t\t\t\t\t\t\t\tclass=\"rs-fsv rs-layer-video intrinsic-ignore\"\n\t\t\t\t\t\t\t\tdata-type=\"video\"\n\t\t\t\t\t\t\t\tdata-rsp_ch=\"on\"\n\t\t\t\t\t\t\t\tdata-xy=\"x:0;y:0;\"\n\t\t\t\t\t\t\t\tdata-text=\"w:normal;s:20,20,20,7;l:0,0,0,9;\"\n\t\t\t\t\t\t\t\tdata-dim=\"w:100%;h:100%;\"\n\t\t\t\t\t\t\t\tdata-video=\"twa:false;ap:false;v:50;vd:50;fc:true;l:false;ptimer:true;nse:f;vc:t;\"\n\t\t\t\t\t\t\t\tdata-poster=\"\/\/www.safeorfake.eu\/wp-content\/uploads\/2023\/12\/poster-video-home-pt.jpg\"\n\t\t\t\t\t\t\t\tdata-ytid=\"_oLc2fZmhLw\"\n\t\t\t\t\t\t\t\tdata-vatr=\"version=3&amp;enablejsapi=1&amp;html5=1&amp;volume=50&amp;hd=1&amp;wmode=opaque&amp;showinfo=0&amp;rel=0&amp;origin=https:\/\/www.safeorfake.eu;\"\n\t\t\t\t\t\t\t\tdata-frame_999=\"o:0;st:w;\"\n\t\t\t\t\t\t\t\tstyle=\"z-index:8;\"\n\t\t\t\t\t\t\t>\n\t\t\t\t\t\t\t<\/rs-layer><!--\n-->\t\t\t\t\t<\/rs-slide>\n\t\t\t\t\t<\/rs-slides>\n\t\t\t\t\t<rs-static-layers><!--\n\t\t\t\t\t--><\/rs-static-layers>\n\t\t\t\t<\/rs-module>\n\t\t\t\t<script>\n\t\t\t\t\tsetREVStartSize({c: 'rev_slider_5_1',rl:[1240,1240,1240,480],el:[653,653,653,720],gw:[1160,1160,1160,480],gh:[653,653,653,720],type:'standard',justify:'',layout:'fullwidth',mh:\"0\"});if (window.RS_MODULES!==undefined && window.RS_MODULES.modules!==undefined && window.RS_MODULES.modules[\"revslider51\"]!==undefined) {window.RS_MODULES.modules[\"revslider51\"].once = false;window.revapi5 = undefined;if (window.RS_MODULES.checkMinimal!==undefined) window.RS_MODULES.checkMinimal()}\n\t\t\t\t<\/script>\n\t\t\t<\/rs-module-wrap>\n\t\t\t<!-- END REVOLUTION SLIDER -->\n[\/vc_column][\/vc_row][vc_row bg_color=&#8221;#828282&#8243; section_arrow=&#8221;false&#8221; text_color=&#8221;light&#8221; top_padding=&#8221;60&#8243; bottom_padding=&#8221;40&#8243;][vc_column width=&#8221;1\/3&#8243;][vc_icon icon_fontawesome=&#8221;fas fa-medkit&#8221; color=&#8221;white&#8221; size=&#8221;xl&#8221; align=&#8221;center&#8221; css_animation=&#8221;fadeInLeftBig&#8221;]<h3 class=\"headline font-inherit fontsize-l fontweight-inherit lh-15 align-center transform-inherit \" style=\"margin: 20px 0 20px 0;\">Sabia que os produtos falsificados podem representar s\u00e9rios riscos para a sa\u00fade?<\/h3>[\/vc_column][vc_column animation=&#8221;fade-in-from-top&#8221; width=&#8221;1\/3&#8243;][vc_icon icon_fontawesome=&#8221;fas fa-smog&#8221; color=&#8221;custom&#8221; size=&#8221;xl&#8221; align=&#8221;center&#8221; css_animation=&#8221;fadeInLeftBig&#8221; custom_color=&#8221;#ffffff&#8221;]<h3 class=\"headline font-inherit fontsize-l fontweight-inherit lh-15 align-center transform-inherit \" style=\"margin: 0 0 20px 0;\">Sabia que tamb\u00e9m t\u00eam<br \/>\num grande impacto<br \/>\nno ambiente?<\/h3>[\/vc_column][vc_column width=&#8221;1\/3&#8243;][vc_icon icon_fontawesome=&#8221;fas fa-question&#8221; color=&#8221;white&#8221; size=&#8221;xl&#8221; align=&#8221;center&#8221; css_animation=&#8221;fadeInRightBig&#8221;]<h3 class=\"headline font-inherit fontsize-l fontweight-inherit lh-15 align-center transform-inherit \" style=\"margin: 0 0 20px 0;\">Quais s\u00e3o os riscos<br \/>\nescondidos por tr\u00e1s dos<br \/>\nprodutos falsificados? <\/h3>[\/vc_column][\/vc_row][vc_row type=&#8221;full_width_section&#8221;][vc_column animation=&#8221;fade-in-from-right&#8221; bg_color=&#8221;#5dbbab&#8221; bg_image=&#8221;1969&#8243; column_center=&#8221;true&#8221; width=&#8221;1\/4&#8243;]<div class=\"spacer\" style=\"height: 370px;\"><\/div>[\/vc_column][vc_column bg_color=&#8221;#5dbbab&#8221; column_padding=&#8221;padding-1&#8243; column_center=&#8221;true&#8221; width=&#8221;1\/4&#8243;]<div class=\"headline font-inherit fontsize-xl fontweight-400 lh-15 align-center transform-inherit \" style=\"margin: 60px 20px 60px 20px;\">\u00c9 professor\/a do ensino secund\u00e1rio, do ensino profissional ou trabalha com adolescentes em ESPANHA?<\/div>[\/vc_column][vc_column bg_color=&#8221;#c6c6c6&#8243; column_padding=&#8221;padding-1&#8243; column_center=&#8221;true&#8221; width=&#8221;1\/4&#8243;]<div class=\"headline font-inherit fontsize-l fontweight-400 lh-15 align-center transform-inherit \" style=\"margin: 30px 20px 30px 20px;\">\u00c9 professor\/a do ensino b\u00e1sico, professor\/a ou aluno\/a universit\u00e1rio\/a na \u00e1rea da educa\u00e7\u00e3o ou dinamiza atividades extracurriculares em PORTUGAL?<\/div>[\/vc_column][vc_column bg_image=&#8221;1825&#8243; column_center=&#8221;true&#8221; width=&#8221;1\/4&#8243;]<div class=\"spacer\" style=\"height: 350px;\"><\/div>[\/vc_column][\/vc_row][vc_row type=&#8221;full_width_section&#8221; top_padding=&#8221;50&#8243; bottom_padding=&#8221;50&#8243;][vc_column width=&#8221;1\/6&#8243;][\/vc_column][vc_column width=&#8221;2\/3&#8243;]<div class=\"box clearfix style-1 wpb_content_element align-center \" style=\"padding: 40px 40px 20px 40px; \">\n<h3>Contacte-nos se quiser participar com os seus alunos em workshops de sensibiliza\u00e7\u00e3o<\/h3>\n<a href=\"\/pt-pt\/contacto\/\" target=\"_self\" class=\"button color-1 large \" style=\"border-radius: 2px;\">CONTACTO<\/a><\/div>[\/vc_column][vc_column width=&#8221;1\/6&#8243;][\/vc_column][\/vc_row]<\/p>\n<\/div>","protected":false},"excerpt":{"rendered":"<p>[vc_row bg_color=&#8221;#efefef&#8221;][vc_column width=&#8221;1\/1&#8243;][\/vc_column][\/vc_row][vc_row bg_color=&#8221;#828282&#8243; section_arrow=&#8221;false&#8221; text_color=&#8221;light&#8221; top_padding=&#8221;60&#8243; bottom_padding=&#8221;40&#8243;][vc_column width=&#8221;1\/3&#8243;][vc_icon icon_fontawesome=&#8221;fas fa-medkit&#8221; color=&#8221;white&#8221; size=&#8221;xl&#8221; align=&#8221;center&#8221; css_animation=&#8221;fadeInLeftBig&#8221;][\/vc_column][vc_column animation=&#8221;fade-in-from-top&#8221; width=&#8221;1\/3&#8243;][vc_icon icon_fontawesome=&#8221;fas fa-smog&#8221; color=&#8221;custom&#8221; size=&#8221;xl&#8221; align=&#8221;center&#8221; css_animation=&#8221;fadeInLeftBig&#8221; custom_color=&#8221;#ffffff&#8221;][\/vc_column][vc_column width=&#8221;1\/3&#8243;][vc_icon icon_fontawesome=&#8221;fas fa-question&#8221; color=&#8221;white&#8221; size=&#8221;xl&#8221; align=&#8221;center&#8221; css_animation=&#8221;fadeInRightBig&#8221;][\/vc_column][\/vc_row][vc_row type=&#8221;full_width_section&#8221;][vc_column animation=&#8221;fade-in-from-right&#8221; bg_color=&#8221;#5dbbab&#8221; bg_image=&#8221;1969&#8243; column_center=&#8221;true&#8221; width=&#8221;1\/4&#8243;][\/vc_column][vc_column bg_color=&#8221;#5dbbab&#8221; column_padding=&#8221;padding-1&#8243; column_center=&#8221;true&#8221; width=&#8221;1\/4&#8243;][\/vc_column][vc_column bg_color=&#8221;#c6c6c6&#8243; column_padding=&#8221;padding-1&#8243; column_center=&#8221;true&#8221; width=&#8221;1\/4&#8243;][\/vc_column][vc_column bg_image=&#8221;1825&#8243; column_center=&#8221;true&#8221; width=&#8221;1\/4&#8243;][\/vc_column][\/vc_row][vc_row type=&#8221;full_width_section&#8221; top_padding=&#8221;50&#8243; bottom_padding=&#8221;50&#8243;][vc_column width=&#8221;1\/6&#8243;][\/vc_column][vc_column width=&#8221;2\/3&#8243;][\/vc_column][vc_column width=&#8221;1\/6&#8243;][\/vc_column][\/vc_row]<\/p>\n","protected":false},"author":1,"featured_media":0,"parent":0,"menu_order":0,"comment_status":"closed","ping_status":"closed","template":"","meta":{"footnotes":""},"class_list":["post-2179","page","type-page","status-publish","hentry"],"_links":{"self":[{"href":"https:\/\/www.safeorfake.eu\/pt-pt\/wp-json\/wp\/v2\/pages\/2179","targetHints":{"allow":["GET"]}}],"collection":[{"href":"https:\/\/www.safeorfake.eu\/pt-pt\/wp-json\/wp\/v2\/pages"}],"about":[{"href":"https:\/\/www.safeorfake.eu\/pt-pt\/wp-json\/wp\/v2\/types\/page"}],"author":[{"embeddable":true,"href":"https:\/\/www.safeorfake.eu\/pt-pt\/wp-json\/wp\/v2\/users\/1"}],"replies":[{"embeddable":true,"href":"https:\/\/www.safeorfake.eu\/pt-pt\/wp-json\/wp\/v2\/comments?post=2179"}],"version-history":[{"count":7,"href":"https:\/\/www.safeorfake.eu\/pt-pt\/wp-json\/wp\/v2\/pages\/2179\/revisions"}],"predecessor-version":[{"id":2224,"href":"https:\/\/www.safeorfake.eu\/pt-pt\/wp-json\/wp\/v2\/pages\/2179\/revisions\/2224"}],"wp:attachment":[{"href":"https:\/\/www.safeorfake.eu\/pt-pt\/wp-json\/wp\/v2\/media?parent=2179"}],"curies":[{"name":"wp","href":"https:\/\/api.w.org\/{rel}","templated":true}]}}