{"id":2144,"date":"2023-11-08T18:32:31","date_gmt":"2023-11-08T17:32:31","guid":{"rendered":"https:\/\/www.safeorfake.eu\/?page_id=2144"},"modified":"2023-11-10T12:08:45","modified_gmt":"2023-11-10T11:08:45","slug":"about-the-project","status":"publish","type":"page","link":"https:\/\/www.safeorfake.eu\/en\/about-the-project\/","title":{"rendered":"About the project"},"content":{"rendered":"<div class=\"wpb-content-wrapper\"><p>[vc_row bg_color=&#8221;#cce8e8&#8243; section_arrow=&#8221;false&#8221; top_padding=&#8221;60&#8243; bottom_padding=&#8221;60&#8243;][vc_column width=&#8221;2\/3&#8243;]<h2 class=\"headline font-inherit fontsize-l fontweight-inherit lh-16 align-left transform-inherit \" style=\"margin: 0 0 20px 0;\">The <strong>SAFEorFAKE? Toolkit From school to university<\/strong> is a project carried out by AIJU &#8220;Instituto Tecnol\u00f3gico del Producto Infantil y Ocio&#8221; (Spain) in collaboration with APSI &#8220;Associa\u00e7\u00e3o para a Promo\u00e7\u00e3o da Seguran\u00e7a Infantil&#8221; (Portugal) with the support of the European Intellectual Property Office (EUIPO).<\/h2>[\/vc_column][vc_column column_center=&#8221;true&#8221; width=&#8221;1\/3&#8243;]<div class=\"single_image wpb_content_element align-left    \" data-animation=\"none\" data-delay=\"0\"><img loading=\"lazy\" decoding=\"async\" width=\"273\" height=\"200\" src=\"https:\/\/www.safeorfake.eu\/wp-content\/uploads\/2023\/10\/safeorfake2-frase.png\" class=\"attachment-full\" alt=\"\" title=\"safeorfake2-frase\" \/><\/div>[\/vc_column][\/vc_row][vc_row bg_color=&#8221;#ffffff&#8221; section_arrow=&#8221;false&#8221; top_padding=&#8221;60&#8243; bottom_padding=&#8221;60&#8243;][vc_column width=&#8221;1\/4&#8243;]<h3 class=\"headline font-inherit fontsize-xs fontweight-500 lh-inherit align-left transform-inherit \" style=\"margin: 0 0 30px 0;\"><a href=\"\/en\/toolkit\/\">PROJECT 2021-2022<\/a><\/h3><div class=\"single_image wpb_content_element align-left    \" data-animation=\"none\" data-delay=\"0\"><img loading=\"lazy\" decoding=\"async\" width=\"178\" height=\"100\" src=\"https:\/\/www.safeorfake.eu\/wp-content\/uploads\/2021\/09\/logo-safeorfake-100.png\" class=\"attachment-full\" alt=\"\" title=\"logo-safeorfake-100\" \/><\/div>[\/vc_column][vc_column width=&#8221;3\/4&#8243;]<div class=\"headline font-inherit fontsize-s fontweight-inherit lh-15 align-left transform-inherit \" style=\"margin: 0 0 20px 0;\">This project is based on the success of the past initiative (<b>SAFEorFAKE?<\/b> project supported under the <em>CALL FOR PROPOSAL GR\/002\/21 Support for awareness raising activities about the value of Intellectual Property and the damage caused by counterfeiting and piracy<\/em>) where<\/div>[vc_column_text]<\/p>\n<ul>\n<li>it was obtained the educational <a style=\"color: #333399;\" href=\"\/en\/toolkit\/\"><strong><u>toolkit SAFEorFAKE? <\/u><\/strong><\/a>and<\/li>\n<li>an awareness campaign was carried out targeting children and primary school teachers on the importance of intellectual property and the risks of counterfeit TOYS with a reach of more than 8 million people in Spain<\/li>\n<\/ul>\n<p>[\/vc_column_text][\/vc_column][\/vc_row][vc_row bg_color=&#8221;#636363&#8243; text_color=&#8221;light&#8221; top_padding=&#8221;50&#8243;][vc_column width=&#8221;1\/1&#8243;]<div class=\"headline font-inherit fontsize-xxl fontweight-400 lh-inherit align-center transform-inherit \" style=\"margin: 0 0 20px 0;\">OBJECTIVES OF THE PROJECT:<\/div>[\/vc_column][\/vc_row][vc_row bg_color=&#8221;#636363&#8243; text_color=&#8221;light&#8221; bottom_padding=&#8221;40&#8243;][vc_column width=&#8221;1\/2&#8243;]<div class=\"headline font-special fontsize-l fontweight-inherit lh-15 align-left transform-inherit \" style=\"margin: 0 20px 20px 20px;\">Transfer of results of the SAFEorFAKE? project to <b>Portugal<\/b>. Campaign aimed at children between 8 and 12 years old, teachers and future education professionals.<\/div>[\/vc_column][vc_column width=&#8221;1\/2&#8243;]<div class=\"headline font-special fontsize-l fontweight-inherit lh-15 align-left transform-inherit \" style=\"margin: 0 20px 20px 20px;\">Widening of the age group from<br \/>\n12 to 18 years old in <b>Spain<\/b>.<br \/>\nProject focused on the products<br \/>\nmost used by young people.<\/div>[\/vc_column][\/vc_row][vc_row type=&#8221;full_width_section&#8221; bg_color=&#8221;#636363&#8243; text_color=&#8221;light&#8221;][vc_column width=&#8221;1\/1&#8243;][vc_media_grid element_width=&#8221;3&#8243; gap=&#8221;0&#8243; item=&#8221;2056&#8243; grid_id=&#8221;vc_gid:1699614437586-fa5eb56d-7102-2&#8243; include=&#8221;1969,1964,2135,1825&#8243; css=&#8221;.vc_custom_1699271632174{padding-right: 0px !important;padding-left: 0px !important;}&#8221;][\/vc_column][\/vc_row][vc_row bg_color=&#8221;#636363&#8243; text_color=&#8221;light&#8221; bottom_padding=&#8221;40&#8243;][vc_column width=&#8221;1\/6&#8243;][\/vc_column][vc_column width=&#8221;2\/3&#8243;]<div class=\"headline font-special fontsize-l fontweight-600 lh-15 align-center transform-inherit \" style=\"margin: 20px 0 20px 0; color: #a5d5d5;\">Educational resources and awareness-raising activities on the importance of industrial and intellectual property for the development of society and the risks posed by counterfeit products.<\/div>[\/vc_column][vc_column width=&#8221;1\/6&#8243;][\/vc_column][\/vc_row]<\/p>\n<\/div>","protected":false},"excerpt":{"rendered":"<p>[vc_row bg_color=&#8221;#cce8e8&#8243; section_arrow=&#8221;false&#8221; top_padding=&#8221;60&#8243; bottom_padding=&#8221;60&#8243;][vc_column width=&#8221;2\/3&#8243;][\/vc_column][vc_column column_center=&#8221;true&#8221; width=&#8221;1\/3&#8243;][\/vc_column][\/vc_row][vc_row bg_color=&#8221;#ffffff&#8221; section_arrow=&#8221;false&#8221; top_padding=&#8221;60&#8243; bottom_padding=&#8221;60&#8243;][vc_column width=&#8221;1\/4&#8243;][\/vc_column][vc_column width=&#8221;3\/4&#8243;][vc_column_text] it was obtained the educational toolkit SAFEorFAKE? and an awareness campaign was carried out targeting children and primary school teachers on the importance of intellectual property and the risks of counterfeit TOYS with a reach of more than 8 million people in Spain [\/vc_column_text][\/vc_column][\/vc_row][vc_row bg_color=&#8221;#636363&#8243; text_color=&#8221;light&#8221; top_padding=&#8221;50&#8243;][vc_column width=&#8221;1\/1&#8243;][\/vc_column][\/vc_row][vc_row bg_color=&#8221;#636363&#8243; text_color=&#8221;light&#8221; bottom_padding=&#8221;40&#8243;][vc_column width=&#8221;1\/2&#8243;][\/vc_column][vc_column width=&#8221;1\/2&#8243;][\/vc_column][\/vc_row][vc_row type=&#8221;full_width_section&#8221; bg_color=&#8221;#636363&#8243; text_color=&#8221;light&#8221;][vc_column width=&#8221;1\/1&#8243;][vc_media_grid element_width=&#8221;3&#8243; gap=&#8221;0&#8243; item=&#8221;2056&#8243; grid_id=&#8221;vc_gid:1699614437586-fa5eb56d-7102-2&#8243; include=&#8221;1969,1964,2135,1825&#8243; css=&#8221;.vc_custom_1699271632174{padding-right: 0px !important;padding-left: 0px !important;}&#8221;][\/vc_column][\/vc_row][vc_row bg_color=&#8221;#636363&#8243; text_color=&#8221;light&#8221; bottom_padding=&#8221;40&#8243;][vc_column width=&#8221;1\/6&#8243;][\/vc_column][vc_column width=&#8221;2\/3&#8243;][\/vc_column][vc_column width=&#8221;1\/6&#8243;][\/vc_column][\/vc_row]<\/p>\n","protected":false},"author":1,"featured_media":0,"parent":0,"menu_order":0,"comment_status":"closed","ping_status":"closed","template":"","meta":{"footnotes":""},"class_list":["post-2144","page","type-page","status-publish","hentry"],"_links":{"self":[{"href":"https:\/\/www.safeorfake.eu\/en\/wp-json\/wp\/v2\/pages\/2144","targetHints":{"allow":["GET"]}}],"collection":[{"href":"https:\/\/www.safeorfake.eu\/en\/wp-json\/wp\/v2\/pages"}],"about":[{"href":"https:\/\/www.safeorfake.eu\/en\/wp-json\/wp\/v2\/types\/page"}],"author":[{"embeddable":true,"href":"https:\/\/www.safeorfake.eu\/en\/wp-json\/wp\/v2\/users\/1"}],"replies":[{"embeddable":true,"href":"https:\/\/www.safeorfake.eu\/en\/wp-json\/wp\/v2\/comments?post=2144"}],"version-history":[{"count":5,"href":"https:\/\/www.safeorfake.eu\/en\/wp-json\/wp\/v2\/pages\/2144\/revisions"}],"predecessor-version":[{"id":2190,"href":"https:\/\/www.safeorfake.eu\/en\/wp-json\/wp\/v2\/pages\/2144\/revisions\/2190"}],"wp:attachment":[{"href":"https:\/\/www.safeorfake.eu\/en\/wp-json\/wp\/v2\/media?parent=2144"}],"curies":[{"name":"wp","href":"https:\/\/api.w.org\/{rel}","templated":true}]}}